{"id":934,"date":"2024-03-04T11:59:33","date_gmt":"2024-03-04T10:59:33","guid":{"rendered":"https:\/\/www.test.tremplin-handicap.fr\/?page_id=934"},"modified":"2024-03-04T11:59:33","modified_gmt":"2024-03-04T10:59:33","slug":"a-venir","status":"publish","type":"page","link":"https:\/\/www.test.tremplin-handicap.fr\/index.php\/a-venir\/","title":{"rendered":"A venir&#8230;"},"content":{"rendered":"\n<p data-block-type=\"core\">Nos \u00e9quipes travaillent au d\u00e9veloppement d&rsquo;une plateforme qui mettra en relation nos jeunes, leurs charg\u00e9es d&rsquo;accompagnement et nos entreprises partenaires. <\/p>\n\n\n\n<p data-block-type=\"core\">Rendez-vous prochainement pour d\u00e9couvrir votre espace membre ! <\/p>\n","protected":false},"excerpt":{"rendered":"<p>Nos \u00e9quipes travaillent au d\u00e9veloppement d&rsquo;une plateforme qui mettra en relation nos jeunes, leurs charg\u00e9es d&rsquo;accompagnement et nos entreprises partenaires. Rendez-vous prochainement pour d\u00e9couvrir votre espace membre !<\/p>\n","protected":false},"author":1,"featured_media":0,"parent":0,"menu_order":0,"comment_status":"closed","ping_status":"closed","template":"","meta":{"_uag_custom_page_level_css":"","_EventAllDay":false,"_EventTimezone":"","_EventStartDate":"","_EventEndDate":"","_EventStartDateUTC":"","_EventEndDateUTC":"","_EventShowMap":false,"_EventShowMapLink":false,"_EventURL":"","_EventCost":"","_EventCostDescription":"","_EventCurrencySymbol":"","_EventCurrencyCode":"","_EventCurrencyPosition":"","_EventDateTimeSeparator":"","_EventTimeRangeSeparator":"","_EventOrganizerID":[],"_EventVenueID":[],"_OrganizerEmail":"","_OrganizerPhone":"","_OrganizerWebsite":"","_VenueAddress":"","_VenueCity":"","_VenueCountry":"","_VenueProvince":"","_VenueState":"","_VenueZip":"","_VenuePhone":"","_VenueURL":"","_VenueStateProvince":"","_VenueLat":"","_VenueLng":"","_VenueShowMap":false,"_VenueShowMapLink":false,"footnotes":""},"class_list":["post-934","page","type-page","status-publish","hentry"],"blocksy_meta":[],"uagb_featured_image_src":{"full":false,"thumbnail":false,"medium":false,"medium_large":false,"large":false,"1536x1536":false,"2048x2048":false},"uagb_author_info":{"display_name":"ValentineWs","author_link":"https:\/\/www.test.tremplin-handicap.fr\/index.php\/author\/admin3776\/"},"uagb_comment_info":0,"uagb_excerpt":"Nos \u00e9quipes travaillent au d\u00e9veloppement d&rsquo;une plateforme qui mettra en relation nos jeunes, leurs charg\u00e9es d&rsquo;accompagnement et nos entreprises partenaires. Rendez-vous prochainement pour d\u00e9couvrir votre espace membre !","_links":{"self":[{"href":"https:\/\/www.test.tremplin-handicap.fr\/index.php\/wp-json\/wp\/v2\/pages\/934","targetHints":{"allow":["GET"]}}],"collection":[{"href":"https:\/\/www.test.tremplin-handicap.fr\/index.php\/wp-json\/wp\/v2\/pages"}],"about":[{"href":"https:\/\/www.test.tremplin-handicap.fr\/index.php\/wp-json\/wp\/v2\/types\/page"}],"author":[{"embeddable":true,"href":"https:\/\/www.test.tremplin-handicap.fr\/index.php\/wp-json\/wp\/v2\/users\/1"}],"replies":[{"embeddable":true,"href":"https:\/\/www.test.tremplin-handicap.fr\/index.php\/wp-json\/wp\/v2\/comments?post=934"}],"version-history":[{"count":1,"href":"https:\/\/www.test.tremplin-handicap.fr\/index.php\/wp-json\/wp\/v2\/pages\/934\/revisions"}],"predecessor-version":[{"id":935,"href":"https:\/\/www.test.tremplin-handicap.fr\/index.php\/wp-json\/wp\/v2\/pages\/934\/revisions\/935"}],"wp:attachment":[{"href":"https:\/\/www.test.tremplin-handicap.fr\/index.php\/wp-json\/wp\/v2\/media?parent=934"}],"curies":[{"name":"wp","href":"https:\/\/api.w.org\/{rel}","templated":true}]}}