{"id":812,"date":"2024-03-01T15:31:28","date_gmt":"2024-03-01T14:31:28","guid":{"rendered":"https:\/\/www.test.tremplin-handicap.fr\/?page_id=812"},"modified":"2024-12-19T11:42:49","modified_gmt":"2024-12-19T10:42:49","slug":"coachs-et-mentors","status":"publish","type":"page","link":"https:\/\/www.test.tremplin-handicap.fr\/index.php\/coachs-et-mentors\/","title":{"rendered":"Coach ou mentor"},"content":{"rendered":"\n<div class=\"wp-block-group is-layout-constrained wp-block-group-is-layout-constrained\" data-block-type=\"core\">\n<blockquote class=\"wp-block-quote has-text-align-center is-style-large is-layout-flow wp-block-quote-is-layout-flow\" data-block-type=\"core\">\n<p data-block-type=\"core\">\u00abcitation\u00bb<\/p>\n<cite>\u2014 John Doe, <em>coach depuis X ann\u00e9es<\/em><\/cite><\/blockquote>\n\n\n\n<hr class=\"wp-block-separator has-css-opacity is-style-default\"\/ data-block-type=\"core\">\n\n\n\n<hr class=\"wp-block-separator has-css-opacity is-style-default\"\/ data-block-type=\"core\">\n\n\n\n<div class=\"wp-block-group alignfull has-background is-layout-flow wp-block-group-is-layout-flow\" style=\"background-color:#fff7e8;margin-bottom:var(--wp--preset--spacing--40);padding-bottom:var(--wp--preset--spacing--60)\" data-block-type=\"core\">\n<div style=\"height:51px\" aria-hidden=\"true\" class=\"wp-block-spacer\" data-block-type=\"core\"><\/div>\n\n\n\n<div class=\"wp-block-columns alignwide are-vertically-aligned-center is-layout-flex wp-container-core-columns-is-layout-28f84493 wp-block-columns-is-layout-flex\" data-block-type=\"core\">\n<div class=\"wp-block-column is-layout-flow wp-block-column-is-layout-flow\" style=\"flex-basis:50%\" data-block-type=\"core\">\n<p class=\"has-palette-color-1-color has-text-color\" style=\"margin-top:0;margin-bottom:var(--wp--preset--spacing--40);font-size:clamp(21.536px, 1.346rem + ((1vw - 3.2px) * 1.052), 35px);font-style:normal;font-weight:600;line-height:1\" data-block-type=\"core\"><strong><span style=\"color: var(--theme-palette-color-1, #2B3056);background: linear-gradient(to bottom, transparent 50%, var(--theme-palette-color-5, #F6BE00) 50%)\" class=\"stk-highlight\">Devenir coach ou mentor<\/span><\/strong><\/p>\n<\/div>\n\n\n\n<div class=\"wp-block-column is-layout-flow wp-block-column-is-layout-flow\" style=\"flex-basis:50%\" data-block-type=\"core\">\n<hr class=\"wp-block-separator has-text-color has-css-opacity has-background is-style-wide\" style=\"background-color:#000000;color:#000000\"\/ data-block-type=\"core\">\n<\/div>\n<\/div>\n\n\n\n<div class=\"wp-block-columns alignwide is-layout-flex wp-container-core-columns-is-layout-28f84493 wp-block-columns-is-layout-flex\" data-block-type=\"core\">\n<div class=\"wp-block-column is-layout-flow wp-block-column-is-layout-flow\" style=\"padding-right:var(--wp--preset--spacing--70);padding-left:var(--wp--preset--spacing--70)\" data-block-type=\"core\">\n<div class=\"wp-block-stackable-heading stk-block-heading stk-block-heading--v2 stk-block stk-50d9fbc\" id=\"x-coachs-et-x-mentors-nous-epaulent\" data-block-id=\"50d9fbc\"><style>.stk-50d9fbc {margin-bottom:0px !important;}<\/style><h2 class=\"stk-block-heading__text\">X coachs et X mentors nous \u00e9paulent&#8230;<\/h2><\/div>\n\n\n\n<div class=\"wp-block-stackable-heading stk-block-heading stk-block-heading--v2 stk-block stk-1dc3dad\" id=\"pourquoi-pas-span-style-color-var-theme-palette-color-1-2-b-3056-background-linear-gradient-to-bottom-transparent-50-var-theme-palette-color-5-f-6-be-00-50-class-stk-highlight-vous-span\" data-block-id=\"1dc3dad\"><h2 class=\"stk-block-heading__text has-text-align-right\">&#8230;pourquoi pas <span style=\"color: var(--theme-palette-color-1, #2B3056);background: linear-gradient(to bottom, transparent 50%, var(--theme-palette-color-5, #F6BE00) 50%)\" class=\"stk-highlight\">VOUS<\/span>?<\/h2><\/div>\n<\/div>\n\n\n\n<div class=\"wp-block-column is-layout-flow wp-block-column-is-layout-flow\" data-block-type=\"core\">\n<p data-block-type=\"core\">Les <strong>employ\u00e9s de nos partenaires adh\u00e9rents<\/strong> peuvent s&rsquo;impliquer dans nos actions au travers des programmes de coaching et de mentorat.<\/p>\n\n\n\n<p data-block-type=\"core\">Le programme de <strong>coaching <\/strong>permet \u00e0 un coach d&rsquo;apporter son aide \u00e0 un jeune en situation de handicap de mani\u00e8re ponctuelle : il s&rsquo;agit d&rsquo;une <strong>s\u00e9ance d&rsquo;1h autour d&rsquo;une th\u00e9matique d\u00e9sign\u00e9e <\/strong>&#8211; CV, lettre de motivation, travail de l&rsquo;anglais&#8230;<\/p>\n<\/div>\n\n\n\n<div class=\"wp-block-column is-layout-flow wp-block-column-is-layout-flow\" data-block-type=\"core\">\n<p data-block-type=\"core\">Au contraire, le programme de <strong>mentorat<\/strong> permet \u00e0 un mentor d&rsquo;<strong>accompagner un jeune en situation de handicap tout au long de l&rsquo;ann\u00e9e scolaire <\/strong>avec des entretiens bi-mensuels. Les th\u00e9matiques abord\u00e9es sont vari\u00e9es et changent au fil de l&rsquo;ann\u00e9e en fonction des besoins du  jeune. Sa charg\u00e9e d&rsquo;accompagnement vous \u00e9paulera pour redonner confiance \u00e0 votre mentor\u00e9 en son avenir !<\/p>\n\n\n\n<p data-block-type=\"core\">Devenir coach ou mentor, c&rsquo;est aussi l&rsquo;opportunit\u00e9 de <strong>rejoindre des communaut\u00e9s engag\u00e9es<\/strong> et de profiter de nos offres de formation adapt\u00e9es !<\/p>\n<\/div>\n<\/div>\n\n\n\n<div style=\"height:28px\" aria-hidden=\"true\" class=\"wp-block-spacer\" data-block-type=\"core\"><\/div>\n<\/div>\n\n\n\n<div style=\"height:15px\" aria-hidden=\"true\" class=\"wp-block-spacer\" data-block-type=\"core\"><\/div>\n\n\n\n<hr class=\"wp-block-separator has-css-opacity is-style-default\"\/ data-block-type=\"core\">\n\n\n\n<hr class=\"wp-block-separator has-css-opacity is-style-default\"\/ data-block-type=\"core\">\n\n\n\n<div style=\"height:15px\" aria-hidden=\"true\" class=\"wp-block-spacer\" data-block-type=\"core\"><\/div>\n\n\n\n<div class=\"wp-block-buttons is-content-justification-center is-layout-flex wp-container-core-buttons-is-layout-a89b3969 wp-block-buttons-is-layout-flex\" data-block-type=\"core\">\n<div class=\"wp-block-button has-custom-width wp-block-button__width-75 has-custom-font-size\" style=\"font-size:clamp(14px, 0.875rem + ((1vw - 3.2px) * 0.469), 20px);font-style:normal;font-weight:700;letter-spacing:1px;text-transform:uppercase\" data-block-type=\"core\"><a class=\"wp-block-button__link has-text-color has-background wp-element-button\" href=\"https:\/\/www.test.tremplin-handicap.fr\/index.php\/employeurs-partenaires\/\" style=\"color:#2c3066;background-color:#ffb23d;padding-top:32px;padding-right:48px;padding-bottom:32px;padding-left:48px\" target=\"_blank\" rel=\"noreferrer noopener\">int\u00e9ress\u00e9 ? Des questions ? Rencontrons-nous !<\/a><\/div>\n<\/div>\n<\/div>\n\n\n\n<div class=\"wp-block-group is-layout-constrained wp-block-group-is-layout-constrained\" data-block-type=\"core\">\n<div class=\"wp-block-stackable-columns stk-block-columns stk-block stk-347cceb\" data-block-id=\"347cceb\"><div class=\"stk-row stk-inner-blocks stk-block-content stk-content-align stk-347cceb-column\">\n<div class=\"wp-block-stackable-column stk-block-column stk-column stk-block stk-c6e673d\" data-v=\"4\" data-block-id=\"c6e673d\"><style>@media screen and (min-width:690px){.stk-c6e673d {flex:var(--stk-flex-grow, 1) 1 calc(11.1% - var(--stk-column-gap, 0px) * 1 \/ 2 ) !important;}}<\/style><div class=\"stk-column-wrapper stk-block-column__content stk-container stk-c6e673d-container stk--no-background stk--no-padding\"><div class=\"stk-block-content stk-inner-blocks stk-c6e673d-inner-blocks\">\n<div class=\"wp-block-stackable-number-box stk-block-number-box stk--has-shape stk-block stk-0653a20\" data-block-id=\"0653a20\"><style>.stk-0653a20 .stk-block-number-box__text{background-color:var(--theme-palette-color-2, #6869E0) !important;}.stk-0653a20 .stk-block-number-box__text:before{background-color:var(--theme-palette-color-2, #6869E0) !important;}<\/style><div class=\"stk-block-number-box__text\" role=\"presentation\">1<\/div><\/div>\n<\/div><\/div><\/div>\n\n\n\n<div class=\"wp-block-stackable-column stk-block-column stk-column stk-block stk-859a79a\" data-v=\"4\" data-block-id=\"859a79a\"><style>@media screen and (min-width:690px){.stk-859a79a {flex:var(--stk-flex-grow, 1) 1 calc(88.9% - var(--stk-column-gap, 0px) * 1 \/ 2 ) !important;}}<\/style><div class=\"stk-column-wrapper stk-block-column__content stk-container stk-859a79a-container stk--no-background stk--no-padding\"><div class=\"stk-block-content stk-inner-blocks stk-859a79a-inner-blocks\">\n<h2 class=\"wp-block-heading has-large-font-size\" style=\"margin-top:0;margin-bottom:0;font-style:normal;font-weight:600;text-transform:uppercase\" data-block-type=\"core\">Prise de contact avec nos \u00e9quipes<\/h2>\n\n\n\n<p data-block-type=\"core\">Vous pouvez nous contacter par t\u00e9l\u00e9phone, mail ou via le formulaire accessible sur cette page (bouton rencontrons-nous ci-dessus). Sous quelques jours, une charg\u00e9e d&rsquo;accompagnement r\u00e9pondras \u00e0 vos questions<\/p>\n<\/div><\/div><\/div>\n<\/div><\/div>\n\n\n\n<div class=\"wp-block-stackable-columns stk-block-columns stk-block stk-3b73e00\" data-block-id=\"3b73e00\"><div class=\"stk-row stk-inner-blocks stk-block-content stk-content-align stk-3b73e00-column\">\n<div class=\"wp-block-stackable-column stk-block-column stk-column stk-block stk-865d995\" data-v=\"4\" data-block-id=\"865d995\"><style>@media screen and (min-width:690px){.stk-865d995 {flex:var(--stk-flex-grow, 1) 1 calc(11.1% - var(--stk-column-gap, 0px) * 1 \/ 2 ) !important;}}<\/style><div class=\"stk-column-wrapper stk-block-column__content stk-container stk-865d995-container stk--no-background stk--no-padding\"><div class=\"stk-block-content stk-inner-blocks stk-865d995-inner-blocks\">\n<div class=\"wp-block-stackable-number-box stk-block-number-box stk--has-shape stk-block stk-9e12421\" data-block-id=\"9e12421\"><style>.stk-9e12421 .stk-block-number-box__text{background-color:var(--theme-palette-color-2, #6869E0) !important;}.stk-9e12421 .stk-block-number-box__text:before{background-color:var(--theme-palette-color-2, #6869E0) !important;}<\/style><div class=\"stk-block-number-box__text\" role=\"presentation\">2<\/div><\/div>\n<\/div><\/div><\/div>\n\n\n\n<div class=\"wp-block-stackable-column stk-block-column stk-column stk-block stk-9ca6734\" data-v=\"4\" data-block-id=\"9ca6734\"><style>@media screen and (min-width:690px){.stk-9ca6734 {flex:var(--stk-flex-grow, 1) 1 calc(88.9% - var(--stk-column-gap, 0px) * 1 \/ 2 ) !important;}}<\/style><div class=\"stk-column-wrapper stk-block-column__content stk-container stk-9ca6734-container stk--no-background stk--no-padding\"><div class=\"stk-block-content stk-inner-blocks stk-9ca6734-inner-blocks\">\n<h2 class=\"wp-block-heading has-large-font-size\" style=\"margin-top:0;margin-bottom:0;font-style:normal;font-weight:600;text-transform:uppercase\" data-block-type=\"core\">Adh\u00e9sion de votre employeur<\/h2>\n\n\n\n<p data-block-type=\"core\">Si votre employeur n&rsquo;est pas encore adh\u00e9rent \u00e0 TREMPLIN Handicap, vous ne pouvez malheureusement pas faire partie de nos \u00e9quipes de coachs et mentors. Contactez votre r\u00e9f\u00e9rent Mission Handicap ou tout autre interlocuteur pertinent pour leur pr\u00e9senter notre association ! <\/p>\n<\/div><\/div><\/div>\n<\/div><\/div>\n\n\n\n<div class=\"wp-block-stackable-columns stk-block-columns stk-block stk-f60031d\" data-block-id=\"f60031d\"><div class=\"stk-row stk-inner-blocks stk-block-content stk-content-align stk-f60031d-column\">\n<div class=\"wp-block-stackable-column stk-block-column stk-column stk-block stk-8919c45\" data-v=\"4\" data-block-id=\"8919c45\"><style>@media screen and (min-width:690px){.stk-8919c45 {flex:var(--stk-flex-grow, 1) 1 calc(11.1% - var(--stk-column-gap, 0px) * 1 \/ 2 ) !important;}}<\/style><div class=\"stk-column-wrapper stk-block-column__content stk-container stk-8919c45-container stk--no-background stk--no-padding\"><div class=\"stk-block-content stk-inner-blocks stk-8919c45-inner-blocks\">\n<div class=\"wp-block-stackable-number-box stk-block-number-box stk--has-shape stk-block stk-e17c81d\" data-block-id=\"e17c81d\"><style>.stk-e17c81d .stk-block-number-box__text{background-color:var(--theme-palette-color-2, #6869E0) !important;}.stk-e17c81d .stk-block-number-box__text:before{background-color:var(--theme-palette-color-2, #6869E0) !important;}<\/style><div class=\"stk-block-number-box__text\" role=\"presentation\">3<\/div><\/div>\n<\/div><\/div><\/div>\n\n\n\n<div class=\"wp-block-stackable-column stk-block-column stk-column stk-block stk-3d03951\" data-v=\"4\" data-block-id=\"3d03951\"><style>@media screen and (min-width:690px){.stk-3d03951 {flex:var(--stk-flex-grow, 1) 1 calc(88.9% - var(--stk-column-gap, 0px) * 1 \/ 2 ) !important;}}<\/style><div class=\"stk-column-wrapper stk-block-column__content stk-container stk-3d03951-container stk--no-background stk--no-padding\"><div class=\"stk-block-content stk-inner-blocks stk-3d03951-inner-blocks\">\n<h2 class=\"wp-block-heading has-large-font-size\" style=\"margin-top:0;margin-bottom:0;font-style:normal;font-weight:600;text-transform:uppercase\" data-block-type=\"core\">Match avec un jeune <\/h2>\n\n\n\n<p data-block-type=\"core\">Selon votre secteur d&rsquo;activit\u00e9 et les sujets sur lesquels vous souhaitez accompagner nos jeunes, le jeune dont les attentes r\u00e9pondent \u00e0 vos comp\u00e9tences vous sera attribu\u00e9. L&rsquo;organisation des sessions de coaching ou de mentorat sont \u00e0 r\u00e9aliser en autonomie, \u00e0 votre initiative ou \u00e0 celle du jeune. La charg\u00e9e d&rsquo;accompagnement du jeune effectuera des entretiens de suivi afin de s&rsquo;assurer du bon d\u00e9roul\u00e9 du programme<\/p>\n<\/div><\/div><\/div>\n<\/div><\/div>\n\n\n\n<div class=\"wp-block-stackable-columns stk-block-columns stk-block stk-0f94f69\" data-block-id=\"0f94f69\"><div class=\"stk-row stk-inner-blocks stk-block-content stk-content-align stk-0f94f69-column\">\n<div class=\"wp-block-stackable-column stk-block-column stk-column stk-block stk-f0b8c57\" data-v=\"4\" data-block-id=\"f0b8c57\"><style>@media screen and (min-width:690px){.stk-f0b8c57 {flex:var(--stk-flex-grow, 1) 1 calc(11.1% - var(--stk-column-gap, 0px) * 1 \/ 2 ) !important;}}<\/style><div class=\"stk-column-wrapper stk-block-column__content stk-container stk-f0b8c57-container stk--no-background stk--no-padding\"><div class=\"stk-block-content stk-inner-blocks stk-f0b8c57-inner-blocks\">\n<div class=\"wp-block-stackable-number-box stk-block-number-box stk--has-shape stk-block stk-85a2c97\" data-block-id=\"85a2c97\"><style>.stk-85a2c97 .stk-block-number-box__text{background-color:var(--theme-palette-color-2, #6869E0) !important;}.stk-85a2c97 .stk-block-number-box__text:before{background-color:var(--theme-palette-color-2, #6869E0) !important;}<\/style><div class=\"stk-block-number-box__text\" role=\"presentation\">4<\/div><\/div>\n<\/div><\/div><\/div>\n\n\n\n<div class=\"wp-block-stackable-column stk-block-column stk-column stk-block stk-74ca1b2\" data-v=\"4\" data-block-id=\"74ca1b2\"><style>@media screen and (min-width:690px){.stk-74ca1b2 {flex:var(--stk-flex-grow, 1) 1 calc(88.9% - var(--stk-column-gap, 0px) * 1 \/ 2 ) !important;}}<\/style><div class=\"stk-column-wrapper stk-block-column__content stk-container stk-74ca1b2-container stk--no-background stk--no-padding\"><div class=\"stk-block-content stk-inner-blocks stk-74ca1b2-inner-blocks\">\n<h2 class=\"wp-block-heading has-large-font-size\" style=\"margin-top:0;margin-bottom:0;font-style:normal;font-weight:600;text-transform:uppercase\" data-block-type=\"core\">Formation<\/h2>\n\n\n\n<p data-block-type=\"core\">De septembre \u00e0 juin, des formations sont propos\u00e9es aux coachs et mentors afin de mieux les pr\u00e9parer \u00e0 l&rsquo;exercice du coaching et du mentorat, mais aussi de les sensibiliser aux handicaps. <\/p>\n<\/div><\/div><\/div>\n<\/div><\/div>\n\n\n\n<div class=\"wp-block-stackable-columns stk-block-columns stk-block stk-071db2b\" data-block-id=\"071db2b\"><div class=\"stk-row stk-inner-blocks stk-block-content stk-content-align stk-071db2b-column\">\n<div class=\"wp-block-stackable-column stk-block-column stk-column stk-block stk-7e7167c\" data-v=\"4\" data-block-id=\"7e7167c\"><style>@media screen and (min-width:690px){.stk-7e7167c {flex:var(--stk-flex-grow, 1) 1 calc(11.1% - var(--stk-column-gap, 0px) * 1 \/ 2 ) !important;}}<\/style><div class=\"stk-column-wrapper stk-block-column__content stk-container stk-7e7167c-container stk--no-background stk--no-padding\"><div class=\"stk-block-content stk-inner-blocks stk-7e7167c-inner-blocks\">\n<div class=\"wp-block-stackable-number-box stk-block-number-box stk--has-shape stk-block stk-896763a\" data-block-id=\"896763a\"><style>.stk-896763a .stk-block-number-box__text{background-color:var(--theme-palette-color-2, #6869E0) !important;}.stk-896763a .stk-block-number-box__text:before{background-color:var(--theme-palette-color-2, #6869E0) !important;}<\/style><div class=\"stk-block-number-box__text\" role=\"presentation\">5<\/div><\/div>\n<\/div><\/div><\/div>\n\n\n\n<div class=\"wp-block-stackable-column stk-block-column stk-column stk-block stk-343df9c\" data-v=\"4\" data-block-id=\"343df9c\"><style>@media screen and (min-width:690px){.stk-343df9c {flex:var(--stk-flex-grow, 1) 1 calc(88.9% - var(--stk-column-gap, 0px) * 1 \/ 2 ) !important;}}<\/style><div class=\"stk-column-wrapper stk-block-column__content stk-container stk-343df9c-container stk--no-background stk--no-padding\"><div class=\"stk-block-content stk-inner-blocks stk-343df9c-inner-blocks\">\n<h2 class=\"wp-block-heading has-large-font-size\" style=\"margin-top:0;margin-bottom:0;font-style:normal;font-weight:600;text-transform:uppercase\" data-block-type=\"core\">Pr\u00e9sentation des r\u00e9sultats<\/h2>\n\n\n\n<p data-block-type=\"core\">Un bilan du  coaching et du mentorat est pr\u00e9sent\u00e9 lors des r\u00e9unions mensuelles de nos adh\u00e9rents afin de partager les exp\u00e9riences. <\/p>\n<\/div><\/div><\/div>\n<\/div><\/div>\n<\/div>\n","protected":false},"excerpt":{"rendered":"<p>\u00abcitation\u00bb Devenir coach ou mentor X coachs et X mentors nous \u00e9paulent&#8230; &#8230;pourquoi pas VOUS? Les employ\u00e9s de nos partenaires adh\u00e9rents peuvent s&rsquo;impliquer dans nos actions au travers des programmes [&hellip;]<\/p>\n","protected":false},"author":1,"featured_media":0,"parent":0,"menu_order":0,"comment_status":"closed","ping_status":"closed","template":"","meta":{"_uag_custom_page_level_css":"","_EventAllDay":false,"_EventTimezone":"","_EventStartDate":"","_EventEndDate":"","_EventStartDateUTC":"","_EventEndDateUTC":"","_EventShowMap":false,"_EventShowMapLink":false,"_EventURL":"","_EventCost":"","_EventCostDescription":"","_EventCurrencySymbol":"","_EventCurrencyCode":"","_EventCurrencyPosition":"","_EventDateTimeSeparator":"","_EventTimeRangeSeparator":"","_EventOrganizerID":[],"_EventVenueID":[],"_OrganizerEmail":"","_OrganizerPhone":"","_OrganizerWebsite":"","_VenueAddress":"","_VenueCity":"","_VenueCountry":"","_VenueProvince":"","_VenueState":"","_VenueZip":"","_VenuePhone":"","_VenueURL":"","_VenueStateProvince":"","_VenueLat":"","_VenueLng":"","_VenueShowMap":false,"_VenueShowMapLink":false,"footnotes":""},"class_list":["post-812","page","type-page","status-publish","hentry"],"blocksy_meta":[],"uagb_featured_image_src":{"full":false,"thumbnail":false,"medium":false,"medium_large":false,"large":false,"1536x1536":false,"2048x2048":false},"uagb_author_info":{"display_name":"ValentineWs","author_link":"https:\/\/www.test.tremplin-handicap.fr\/index.php\/author\/admin3776\/"},"uagb_comment_info":0,"uagb_excerpt":"\u00abcitation\u00bb Devenir coach ou mentor X coachs et X mentors nous \u00e9paulent&#8230; &#8230;pourquoi pas VOUS? Les employ\u00e9s de nos partenaires adh\u00e9rents peuvent s&rsquo;impliquer dans nos actions au travers des programmes [&hellip;]","_links":{"self":[{"href":"https:\/\/www.test.tremplin-handicap.fr\/index.php\/wp-json\/wp\/v2\/pages\/812","targetHints":{"allow":["GET"]}}],"collection":[{"href":"https:\/\/www.test.tremplin-handicap.fr\/index.php\/wp-json\/wp\/v2\/pages"}],"about":[{"href":"https:\/\/www.test.tremplin-handicap.fr\/index.php\/wp-json\/wp\/v2\/types\/page"}],"author":[{"embeddable":true,"href":"https:\/\/www.test.tremplin-handicap.fr\/index.php\/wp-json\/wp\/v2\/users\/1"}],"replies":[{"embeddable":true,"href":"https:\/\/www.test.tremplin-handicap.fr\/index.php\/wp-json\/wp\/v2\/comments?post=812"}],"version-history":[{"count":5,"href":"https:\/\/www.test.tremplin-handicap.fr\/index.php\/wp-json\/wp\/v2\/pages\/812\/revisions"}],"predecessor-version":[{"id":2133,"href":"https:\/\/www.test.tremplin-handicap.fr\/index.php\/wp-json\/wp\/v2\/pages\/812\/revisions\/2133"}],"wp:attachment":[{"href":"https:\/\/www.test.tremplin-handicap.fr\/index.php\/wp-json\/wp\/v2\/media?parent=812"}],"curies":[{"name":"wp","href":"https:\/\/api.w.org\/{rel}","templated":true}]}}