{"id":810,"date":"2024-03-01T15:31:28","date_gmt":"2024-03-01T14:31:28","guid":{"rendered":"https:\/\/www.test.tremplin-handicap.fr\/?page_id=810"},"modified":"2024-12-19T12:05:20","modified_gmt":"2024-12-19T11:05:20","slug":"parents-de-jeunes-en-situation-de-handicap","status":"publish","type":"page","link":"https:\/\/www.test.tremplin-handicap.fr\/index.php\/parents-de-jeunes-en-situation-de-handicap\/","title":{"rendered":"Parent d&rsquo;un jeune en situation de handicap"},"content":{"rendered":"\n<div class=\"wp-block-group is-layout-constrained wp-block-group-is-layout-constrained\" data-block-type=\"core\">\n<blockquote class=\"wp-block-quote has-text-align-center is-style-large is-layout-flow wp-block-quote-is-layout-flow\" data-block-type=\"core\">\n<p data-block-type=\"core\">\u00abGr\u00e2ce \u00e0 TREMPLIN Handicap, ma fille croit en son avenir\u00bb<\/p>\n<cite>\u2014 Parent d&rsquo;une j<em>eune accompagn\u00e9e par l&rsquo;association<\/em><\/cite><\/blockquote>\n\n\n\n<hr class=\"wp-block-separator has-css-opacity is-style-default\"\/ data-block-type=\"core\">\n\n\n\n<hr class=\"wp-block-separator has-css-opacity is-style-default\"\/ data-block-type=\"core\">\n\n\n\n<div class=\"wp-block-group alignfull has-background is-layout-flow wp-block-group-is-layout-flow\" style=\"background-color:#fff7e8;margin-bottom:var(--wp--preset--spacing--40);padding-bottom:var(--wp--preset--spacing--60)\" data-block-type=\"core\">\n<div style=\"height:51px\" aria-hidden=\"true\" class=\"wp-block-spacer\" data-block-type=\"core\"><\/div>\n\n\n\n<div class=\"wp-block-columns alignwide are-vertically-aligned-center is-layout-flex wp-container-core-columns-is-layout-28f84493 wp-block-columns-is-layout-flex\" data-block-type=\"core\">\n<div class=\"wp-block-column is-layout-flow wp-block-column-is-layout-flow\" style=\"flex-basis:50%\" data-block-type=\"core\">\n<p class=\"has-palette-color-1-color has-text-color\" style=\"margin-top:0;margin-bottom:var(--wp--preset--spacing--40);font-size:clamp(21.536px, 1.346rem + ((1vw - 3.2px) * 1.052), 35px);font-style:normal;font-weight:600;line-height:1\" data-block-type=\"core\"><strong><span style=\"color: var(--theme-palette-color-1, #2B3056);background: linear-gradient(to bottom, transparent 50%, var(--theme-palette-color-5, #F6BE00) 50%)\" class=\"stk-highlight\">Choisir notre accompagnement<\/span><\/strong><\/p>\n<\/div>\n\n\n\n<div class=\"wp-block-column is-layout-flow wp-block-column-is-layout-flow\" style=\"flex-basis:50%\" data-block-type=\"core\">\n<hr class=\"wp-block-separator has-text-color has-css-opacity has-background is-style-wide\" style=\"background-color:#000000;color:#000000\"\/ data-block-type=\"core\">\n<\/div>\n<\/div>\n\n\n\n<div class=\"wp-block-columns alignwide is-layout-flex wp-container-core-columns-is-layout-28f84493 wp-block-columns-is-layout-flex\" data-block-type=\"core\">\n<div class=\"wp-block-column is-layout-flow wp-block-column-is-layout-flow\" style=\"padding-right:var(--wp--preset--spacing--70);padding-left:var(--wp--preset--spacing--70)\" data-block-type=\"core\">\n<div class=\"wp-block-stackable-heading stk-block-heading stk-block-heading--v2 stk-block stk-50d9fbc\" id=\"plus-de-1000-jeunes-nous-font-confiance\" data-block-id=\"50d9fbc\"><style>.stk-50d9fbc {margin-bottom:0px !important;}<\/style><h2 class=\"stk-block-heading__text\">Plus de 1000 jeunes nous font confiance&#8230;<\/h2><\/div>\n\n\n\n<div class=\"wp-block-stackable-heading stk-block-heading stk-block-heading--v2 stk-block stk-1dc3dad\" id=\"pourquoi-pas-span-style-color-var-theme-palette-color-1-2-b-3056-background-linear-gradient-to-bottom-transparent-50-var-theme-palette-color-5-f-6-be-00-50-class-stk-highlight-vous-et-votre-enfant-span\" data-block-id=\"1dc3dad\"><h2 class=\"stk-block-heading__text\">&#8230;pourquoi pas <span style=\"color: var(--theme-palette-color-1, #2B3056);background: linear-gradient(to bottom, transparent 50%, var(--theme-palette-color-5, #F6BE00) 50%)\" class=\"stk-highlight\">VOUS ET VOTRE ENFANT <\/span>?<\/h2><\/div>\n<\/div>\n\n\n\n<div class=\"wp-block-column is-layout-flow wp-block-column-is-layout-flow\" data-block-type=\"core\">\n<p data-block-type=\"core\">Notre accompagnement s\u2019adresse \u00e0 tout coll\u00e9gien (\u00e0 partir de la 4e), lyc\u00e9en, \u00e9tudiant ou jeune dipl\u00f4m\u00e9 en recherche d&#8217;emploi (jusqu&rsquo;\u00e0 2 ans apr\u00e8s le dipl\u00f4me) en <strong>situation de handicap non temporaire<\/strong>. <\/p>\n\n\n\n<p data-block-type=\"core\">Que votre enfant soit en r\u00e9flexion sur sa <strong>future orientation acad\u00e9mique\/professionnelle<\/strong>, \u00e0 la recherche d\u2019un <strong>stage<\/strong>, d\u2019un<strong> job d\u2019\u00e9t\u00e9,<\/strong> d\u2019un contrat en <strong>alternance<\/strong> ou de son premier <strong>emploi<\/strong>, nous pouvons l&rsquo;accompagner.<\/p>\n<\/div>\n\n\n\n<div class=\"wp-block-column is-layout-flow wp-block-column-is-layout-flow\" data-block-type=\"core\">\n<p data-block-type=\"core\">En effet, TREMPLIN Handicap s&rsquo;appuie sur son r\u00e9seau de <strong>plus de 100 employeurs partenaires pour faciliter la recherche d&rsquo;entreprise<\/strong> de votre enfant. En fonction de ses besoins, votre enfant pourra aussi b\u00e9n\u00e9ficier du programme de coaching et de mentorat et ainsi d\u00e9velopper ses comp\u00e9tences avec l&rsquo;aide d&rsquo;un professionnel de notre r\u00e9seau d&#8217;employeurs partenaires.<\/p>\n\n\n\n<p data-block-type=\"core\">L&rsquo;association propose \u00e9galement un <strong>accompagnement \u00e0 l&rsquo;orientation<\/strong> pour l&rsquo;aider \u00e0 \u00e9laborer son projet professionnel.<\/p>\n<\/div>\n<\/div>\n\n\n\n<div style=\"height:28px\" aria-hidden=\"true\" class=\"wp-block-spacer\" data-block-type=\"core\"><\/div>\n<\/div>\n\n\n\n<div style=\"height:15px\" aria-hidden=\"true\" class=\"wp-block-spacer\" data-block-type=\"core\"><\/div>\n\n\n\n<hr class=\"wp-block-separator has-css-opacity is-style-default\"\/ data-block-type=\"core\">\n\n\n\n<hr class=\"wp-block-separator has-css-opacity is-style-default\"\/ data-block-type=\"core\">\n\n\n\n<div style=\"height:15px\" aria-hidden=\"true\" class=\"wp-block-spacer\" data-block-type=\"core\"><\/div>\n\n\n\n<div class=\"wp-block-buttons is-content-justification-center is-layout-flex wp-container-core-buttons-is-layout-a89b3969 wp-block-buttons-is-layout-flex\" data-block-type=\"core\">\n<div class=\"wp-block-button has-custom-width wp-block-button__width-75 has-custom-font-size\" style=\"font-size:clamp(14px, 0.875rem + ((1vw - 3.2px) * 0.469), 20px);font-style:normal;font-weight:700;letter-spacing:1px;text-transform:uppercase\" data-block-type=\"core\"><a class=\"wp-block-button__link has-text-color has-background wp-element-button\" href=\"https:\/\/www.test.tremplin-handicap.fr\/index.php\/jeunes-en-situation-de-handicap-contactez-nous\/\" style=\"color:#2c3066;background-color:#ffb23d;padding-top:32px;padding-right:48px;padding-bottom:32px;padding-left:48px\" target=\"_blank\" rel=\"noreferrer noopener\">int\u00e9ress\u00e9 ? Des questions ? Rencontrons-nous !<\/a><\/div>\n<\/div>\n<\/div>\n","protected":false},"excerpt":{"rendered":"<p>\u00abGr\u00e2ce \u00e0 TREMPLIN Handicap, ma fille croit en son avenir\u00bb Choisir notre accompagnement Plus de 1000 jeunes nous font confiance&#8230; &#8230;pourquoi pas VOUS ET VOTRE ENFANT ? Notre accompagnement s\u2019adresse [&hellip;]<\/p>\n","protected":false},"author":1,"featured_media":0,"parent":0,"menu_order":0,"comment_status":"closed","ping_status":"closed","template":"","meta":{"_uag_custom_page_level_css":"","_EventAllDay":false,"_EventTimezone":"","_EventStartDate":"","_EventEndDate":"","_EventStartDateUTC":"","_EventEndDateUTC":"","_EventShowMap":false,"_EventShowMapLink":false,"_EventURL":"","_EventCost":"","_EventCostDescription":"","_EventCurrencySymbol":"","_EventCurrencyCode":"","_EventCurrencyPosition":"","_EventDateTimeSeparator":"","_EventTimeRangeSeparator":"","_EventOrganizerID":[],"_EventVenueID":[],"_OrganizerEmail":"","_OrganizerPhone":"","_OrganizerWebsite":"","_VenueAddress":"","_VenueCity":"","_VenueCountry":"","_VenueProvince":"","_VenueState":"","_VenueZip":"","_VenuePhone":"","_VenueURL":"","_VenueStateProvince":"","_VenueLat":"","_VenueLng":"","_VenueShowMap":false,"_VenueShowMapLink":false,"footnotes":""},"class_list":["post-810","page","type-page","status-publish","hentry"],"blocksy_meta":[],"uagb_featured_image_src":{"full":false,"thumbnail":false,"medium":false,"medium_large":false,"large":false,"1536x1536":false,"2048x2048":false},"uagb_author_info":{"display_name":"ValentineWs","author_link":"https:\/\/www.test.tremplin-handicap.fr\/index.php\/author\/admin3776\/"},"uagb_comment_info":0,"uagb_excerpt":"\u00abGr\u00e2ce \u00e0 TREMPLIN Handicap, ma fille croit en son avenir\u00bb Choisir notre accompagnement Plus de 1000 jeunes nous font confiance&#8230; &#8230;pourquoi pas VOUS ET VOTRE ENFANT ? Notre accompagnement s\u2019adresse [&hellip;]","_links":{"self":[{"href":"https:\/\/www.test.tremplin-handicap.fr\/index.php\/wp-json\/wp\/v2\/pages\/810","targetHints":{"allow":["GET"]}}],"collection":[{"href":"https:\/\/www.test.tremplin-handicap.fr\/index.php\/wp-json\/wp\/v2\/pages"}],"about":[{"href":"https:\/\/www.test.tremplin-handicap.fr\/index.php\/wp-json\/wp\/v2\/types\/page"}],"author":[{"embeddable":true,"href":"https:\/\/www.test.tremplin-handicap.fr\/index.php\/wp-json\/wp\/v2\/users\/1"}],"replies":[{"embeddable":true,"href":"https:\/\/www.test.tremplin-handicap.fr\/index.php\/wp-json\/wp\/v2\/comments?post=810"}],"version-history":[{"count":7,"href":"https:\/\/www.test.tremplin-handicap.fr\/index.php\/wp-json\/wp\/v2\/pages\/810\/revisions"}],"predecessor-version":[{"id":2151,"href":"https:\/\/www.test.tremplin-handicap.fr\/index.php\/wp-json\/wp\/v2\/pages\/810\/revisions\/2151"}],"wp:attachment":[{"href":"https:\/\/www.test.tremplin-handicap.fr\/index.php\/wp-json\/wp\/v2\/media?parent=810"}],"curies":[{"name":"wp","href":"https:\/\/api.w.org\/{rel}","templated":true}]}}