{"id":809,"date":"2024-03-01T15:31:28","date_gmt":"2024-03-01T14:31:28","guid":{"rendered":"https:\/\/www.test.tremplin-handicap.fr\/?page_id=809"},"modified":"2024-12-19T11:57:13","modified_gmt":"2024-12-19T10:57:13","slug":"jeunes-en-situation-de-handicap","status":"publish","type":"page","link":"https:\/\/www.test.tremplin-handicap.fr\/index.php\/jeunes-en-situation-de-handicap\/","title":{"rendered":"Jeune en situation de handicap"},"content":{"rendered":"\n<div class=\"wp-block-group is-layout-constrained wp-block-group-is-layout-constrained\" data-block-type=\"core\">\n<blockquote class=\"wp-block-quote has-text-align-center is-style-large is-layout-flow wp-block-quote-is-layout-flow\" data-block-type=\"core\">\n<p data-block-type=\"core\">\u00abGr\u00e2ce \u00e0 Tremplin Handicap, j&rsquo;ai repris confiance en moi et en mon avenir&nbsp;\u00bb<\/p>\n<cite>\u2014 Elodie, <em>Jeune accompagn\u00e9e par Tremplin<\/em><\/cite><\/blockquote>\n\n\n\n<hr class=\"wp-block-separator has-css-opacity is-style-default\"\/ data-block-type=\"core\">\n\n\n\n<hr class=\"wp-block-separator has-css-opacity is-style-default\"\/ data-block-type=\"core\">\n\n\n\n<div class=\"wp-block-group alignfull has-background is-layout-flow wp-block-group-is-layout-flow\" style=\"background-color:#fff7e8;margin-bottom:var(--wp--preset--spacing--40);padding-bottom:var(--wp--preset--spacing--60)\" data-block-type=\"core\">\n<div style=\"height:51px\" aria-hidden=\"true\" class=\"wp-block-spacer\" data-block-type=\"core\"><\/div>\n\n\n\n<div class=\"wp-block-columns alignwide are-vertically-aligned-center is-layout-flex wp-container-core-columns-is-layout-28f84493 wp-block-columns-is-layout-flex\" data-block-type=\"core\">\n<div class=\"wp-block-column is-layout-flow wp-block-column-is-layout-flow\" style=\"flex-basis:50%\" data-block-type=\"core\">\n<p class=\"has-palette-color-1-color has-text-color\" style=\"margin-top:0;margin-bottom:var(--wp--preset--spacing--40);font-size:clamp(21.536px, 1.346rem + ((1vw - 3.2px) * 1.052), 35px);font-style:normal;font-weight:600;line-height:1\" data-block-type=\"core\"><strong><span style=\"color: var(--theme-palette-color-1, #2B3056);background: linear-gradient(to bottom, transparent 50%, var(--theme-palette-color-5, #F6BE00) 50%)\" class=\"stk-highlight\">Choisir notre accompagnement<\/span><\/strong><\/p>\n<\/div>\n\n\n\n<div class=\"wp-block-column is-layout-flow wp-block-column-is-layout-flow\" style=\"flex-basis:50%\" data-block-type=\"core\">\n<hr class=\"wp-block-separator has-text-color has-css-opacity has-background is-style-wide\" style=\"background-color:#000000;color:#000000\"\/ data-block-type=\"core\">\n<\/div>\n<\/div>\n\n\n\n<div class=\"wp-block-columns alignwide is-layout-flex wp-container-core-columns-is-layout-28f84493 wp-block-columns-is-layout-flex\" data-block-type=\"core\">\n<div class=\"wp-block-column is-layout-flow wp-block-column-is-layout-flow\" style=\"padding-right:var(--wp--preset--spacing--70);padding-left:var(--wp--preset--spacing--70)\" data-block-type=\"core\">\n<div class=\"wp-block-stackable-heading stk-block-heading stk-block-heading--v2 stk-block stk-50d9fbc\" id=\"plus-de-1000-jeunes-nous-font-confiance\" data-block-id=\"50d9fbc\"><style>.stk-50d9fbc {margin-bottom:0px !important;}<\/style><h2 class=\"stk-block-heading__text\">Plus de 1000 jeunes nous font confiance&#8230;<\/h2><\/div>\n\n\n\n<div class=\"wp-block-stackable-heading stk-block-heading stk-block-heading--v2 stk-block stk-1dc3dad\" id=\"pourquoi-pas-span-style-color-var-theme-palette-color-1-2-b-3056-background-linear-gradient-to-bottom-transparent-50-var-theme-palette-color-5-f-6-be-00-50-class-stk-highlight-toi-span\" data-block-id=\"1dc3dad\"><h2 class=\"stk-block-heading__text\">&#8230;pourquoi pas <span style=\"color: var(--theme-palette-color-1, #2B3056);background: linear-gradient(to bottom, transparent 50%, var(--theme-palette-color-5, #F6BE00) 50%)\" class=\"stk-highlight\">TOI <\/span>?<\/h2><\/div>\n<\/div>\n\n\n\n<div class=\"wp-block-column is-layout-flow wp-block-column-is-layout-flow\" data-block-type=\"core\">\n<p data-block-type=\"core\">Notre accompagnement s\u2019adresse \u00e0 tout coll\u00e9gien (\u00e0 partir de la 4e), lyc\u00e9en, \u00e9tudiant ou jeune dipl\u00f4m\u00e9 en recherche d&#8217;emploi (jusqu&rsquo;\u00e0 2 ans apr\u00e8s le dipl\u00f4me) en <strong>situation de handicap<\/strong>.<\/p>\n\n\n\n<p data-block-type=\"core\">Que tu sois en r\u00e9flexion sur ta <strong>future orientation acad\u00e9mique\/professionnelle<\/strong>, que tu sois \u00e0 la recherche d\u2019un <strong>stage<\/strong>, d\u2019un<strong> job d\u2019\u00e9t\u00e9,<\/strong> d&rsquo;un <strong>job \u00e9tudiant<\/strong>, d\u2019un contrat en <strong>alternance<\/strong>, d&rsquo;une <strong>PMSMP<\/strong> ou de ton 1er <strong>emploi<\/strong>, l&rsquo;\u00e9quipe TREMPLIN t&rsquo;accompagne.<\/p>\n<\/div>\n\n\n\n<div class=\"wp-block-column is-layout-flow wp-block-column-is-layout-flow\" data-block-type=\"core\">\n<p data-block-type=\"core\">Chez TREMPLIN Handicap, tu b\u00e9n\u00e9ficies d\u2019un <strong>accompagnement personnalis\u00e9 gratuit jusqu\u2019\u00e0 ton entr\u00e9e dans l\u2019emploi<\/strong>. Tu peux <strong>acc\u00e9der \u00e0 notre r\u00e9seau d&#8217;employeurs partenaires<\/strong>, rencontrer des professionnels lors de nos diff\u00e9rentes manifestations (entretiens, forums de recrutement, coaching, mentorat, etc\u2026).<\/p>\n\n\n\n<p data-block-type=\"core\">Chez TREMPLIN Handicap, tu b\u00e9n\u00e9ficies d\u2019un suivi au sein de ton entreprise d&rsquo;accueil lors de ton stage, de ton alternance ou de ton 1er emploi.<\/p>\n<\/div>\n<\/div>\n\n\n\n<div style=\"height:28px\" aria-hidden=\"true\" class=\"wp-block-spacer\" data-block-type=\"core\"><\/div>\n<\/div>\n\n\n\n<div style=\"height:15px\" aria-hidden=\"true\" class=\"wp-block-spacer\" data-block-type=\"core\"><\/div>\n\n\n\n<hr class=\"wp-block-separator has-css-opacity is-style-default\"\/ data-block-type=\"core\">\n\n\n\n<div style=\"height:15px\" aria-hidden=\"true\" class=\"wp-block-spacer\" data-block-type=\"core\"><\/div>\n<\/div>\n\n\n\n<div class=\"wp-block-group is-layout-constrained wp-block-group-is-layout-constrained\" data-block-type=\"core\">\n<div class=\"wp-block-stackable-columns stk-block-columns stk-block stk-347cceb\" data-block-id=\"347cceb\"><div class=\"stk-row stk-inner-blocks stk-block-content stk-content-align stk-347cceb-column\">\n<div class=\"wp-block-stackable-column stk-block-column stk-column stk-block stk-c6e673d\" data-v=\"4\" data-block-id=\"c6e673d\"><style>@media screen and (min-width:690px){.stk-c6e673d {flex:var(--stk-flex-grow, 1) 1 calc(11.1% - var(--stk-column-gap, 0px) * 1 \/ 2 ) !important;}}<\/style><div class=\"stk-column-wrapper stk-block-column__content stk-container stk-c6e673d-container stk--no-background stk--no-padding\"><div class=\"stk-block-content stk-inner-blocks stk-c6e673d-inner-blocks\">\n<div class=\"wp-block-stackable-number-box stk-block-number-box stk--has-shape stk-block stk-0653a20\" data-block-id=\"0653a20\"><style>.stk-0653a20 .stk-block-number-box__text{background-color:var(--theme-palette-color-2, #6869E0) !important;}.stk-0653a20 .stk-block-number-box__text:before{background-color:var(--theme-palette-color-2, #6869E0) !important;}<\/style><div class=\"stk-block-number-box__text\" role=\"presentation\">1<\/div><\/div>\n<\/div><\/div><\/div>\n\n\n\n<div class=\"wp-block-stackable-column stk-block-column stk-column stk-block stk-859a79a\" data-v=\"4\" data-block-id=\"859a79a\"><style>@media screen and (min-width:690px){.stk-859a79a {flex:var(--stk-flex-grow, 1) 1 calc(88.9% - var(--stk-column-gap, 0px) * 1 \/ 2 ) !important;}}<\/style><div class=\"stk-column-wrapper stk-block-column__content stk-container stk-859a79a-container stk--no-background stk--no-padding\"><div class=\"stk-block-content stk-inner-blocks stk-859a79a-inner-blocks\">\n<h2 class=\"wp-block-heading has-large-font-size\" style=\"margin-top:0;margin-bottom:0;font-style:normal;font-weight:600;text-transform:uppercase\" data-block-type=\"core\">Prise de contact avec nos \u00e9quipes<\/h2>\n\n\n\n<p data-block-type=\"core\">Tu peux nous contacter via le formulaire accessible sur cette page (bouton rencontrons-nous ci-dessous). Une charg\u00e9e d&rsquo;accompagnement te contactera pour te proposer un rendez-vous en ligne ou dans les locaux de l&rsquo;association.<\/p>\n<\/div><\/div><\/div>\n<\/div><\/div>\n\n\n\n<div class=\"wp-block-stackable-columns stk-block-columns stk-block stk-3b73e00\" data-block-id=\"3b73e00\"><div class=\"stk-row stk-inner-blocks stk-block-content stk-content-align stk-3b73e00-column\">\n<div class=\"wp-block-stackable-column stk-block-column stk-column stk-block stk-865d995\" data-v=\"4\" data-block-id=\"865d995\"><style>@media screen and (min-width:690px){.stk-865d995 {flex:var(--stk-flex-grow, 1) 1 calc(11.1% - var(--stk-column-gap, 0px) * 1 \/ 2 ) !important;}}<\/style><div class=\"stk-column-wrapper stk-block-column__content stk-container stk-865d995-container stk--no-background stk--no-padding\"><div class=\"stk-block-content stk-inner-blocks stk-865d995-inner-blocks\">\n<div class=\"wp-block-stackable-number-box stk-block-number-box stk--has-shape stk-block stk-9e12421\" data-block-id=\"9e12421\"><style>.stk-9e12421 .stk-block-number-box__text{background-color:var(--theme-palette-color-2, #6869E0) !important;}.stk-9e12421 .stk-block-number-box__text:before{background-color:var(--theme-palette-color-2, #6869E0) !important;}<\/style><div class=\"stk-block-number-box__text\" role=\"presentation\">2<\/div><\/div>\n<\/div><\/div><\/div>\n\n\n\n<div class=\"wp-block-stackable-column stk-block-column stk-column stk-block stk-9ca6734\" data-v=\"4\" data-block-id=\"9ca6734\"><style>@media screen and (min-width:690px){.stk-9ca6734 {flex:var(--stk-flex-grow, 1) 1 calc(88.9% - var(--stk-column-gap, 0px) * 1 \/ 2 ) !important;}}<\/style><div class=\"stk-column-wrapper stk-block-column__content stk-container stk-9ca6734-container stk--no-background stk--no-padding\"><div class=\"stk-block-content stk-inner-blocks stk-9ca6734-inner-blocks\">\n<h2 class=\"wp-block-heading has-large-font-size\" style=\"margin-top:0;margin-bottom:0;font-style:normal;font-weight:600;text-transform:uppercase\" data-block-type=\"core\">PREMIER ENTRETIEN avec votre charg\u00e9e d&rsquo;accompagnement<\/h2>\n\n\n\n<p data-block-type=\"core\">Cet entretien est l\u2019occasion de te conna\u00eetre et de faire un point sur tes exp\u00e9riences personnelles, professionnelles, ton parcours acad\u00e9mique et ta situation de handicap. La charg\u00e9e d\u2019accompagnement te pr\u00e9sentera \u00e9galement toutes les actions de TREMPLIN Handicap dont tu peux b\u00e9n\u00e9ficier pour t&rsquo;aider dans ton parcours acad\u00e9mique et professionnel.<\/p>\n<\/div><\/div><\/div>\n<\/div><\/div>\n\n\n\n<div class=\"wp-block-stackable-columns stk-block-columns stk-block stk-f60031d\" data-block-id=\"f60031d\"><div class=\"stk-row stk-inner-blocks stk-block-content stk-content-align stk-f60031d-column\">\n<div class=\"wp-block-stackable-column stk-block-column stk-column stk-block stk-8919c45\" data-v=\"4\" data-block-id=\"8919c45\"><style>@media screen and (min-width:690px){.stk-8919c45 {flex:var(--stk-flex-grow, 1) 1 calc(11.1% - var(--stk-column-gap, 0px) * 1 \/ 2 ) !important;}}<\/style><div class=\"stk-column-wrapper stk-block-column__content stk-container stk-8919c45-container stk--no-background stk--no-padding\"><div class=\"stk-block-content stk-inner-blocks stk-8919c45-inner-blocks\">\n<div class=\"wp-block-stackable-number-box stk-block-number-box stk--has-shape stk-block stk-e17c81d\" data-block-id=\"e17c81d\"><style>.stk-e17c81d .stk-block-number-box__text{background-color:var(--theme-palette-color-2, #6869E0) !important;}.stk-e17c81d .stk-block-number-box__text:before{background-color:var(--theme-palette-color-2, #6869E0) !important;}<\/style><div class=\"stk-block-number-box__text\" role=\"presentation\">3<\/div><\/div>\n<\/div><\/div><\/div>\n\n\n\n<div class=\"wp-block-stackable-column stk-block-column stk-column stk-block stk-3d03951\" data-v=\"4\" data-block-id=\"3d03951\"><style>@media screen and (min-width:690px){.stk-3d03951 {flex:var(--stk-flex-grow, 1) 1 calc(88.9% - var(--stk-column-gap, 0px) * 1 \/ 2 ) !important;}}<\/style><div class=\"stk-column-wrapper stk-block-column__content stk-container stk-3d03951-container stk--no-background stk--no-padding\"><div class=\"stk-block-content stk-inner-blocks stk-3d03951-inner-blocks\">\n<h2 class=\"wp-block-heading has-large-font-size\" style=\"margin-top:0;margin-bottom:0;font-style:normal;font-weight:600;text-transform:uppercase\" data-block-type=\"core\">diffusion dE VOTRE PROFIL \u00e0 nos partenaires<\/h2>\n\n\n\n<p data-block-type=\"core\">Apr\u00e8s ton premier entretien, ta recherche (stage, PMSMP, alternance, emploi) sera diffus\u00e9e \u00e0 notre r\u00e9seau d&#8217;employeurs partenaires. <\/p>\n<\/div><\/div><\/div>\n<\/div><\/div>\n\n\n\n<div class=\"wp-block-stackable-columns stk-block-columns stk-block stk-071db2b\" data-block-id=\"071db2b\"><div class=\"stk-row stk-inner-blocks stk-block-content stk-content-align stk-071db2b-column\">\n<div class=\"wp-block-stackable-column stk-block-column stk-column stk-block stk-7e7167c\" data-v=\"4\" data-block-id=\"7e7167c\"><style>@media screen and (min-width:690px){.stk-7e7167c {flex:var(--stk-flex-grow, 1) 1 calc(11.1% - var(--stk-column-gap, 0px) * 1 \/ 2 ) !important;}}<\/style><div class=\"stk-column-wrapper stk-block-column__content stk-container stk-7e7167c-container stk--no-background stk--no-padding\"><div class=\"stk-block-content stk-inner-blocks stk-7e7167c-inner-blocks\">\n<div class=\"wp-block-stackable-number-box stk-block-number-box stk--has-shape stk-block stk-896763a\" data-block-id=\"896763a\"><style>.stk-896763a .stk-block-number-box__text{background-color:var(--theme-palette-color-2, #6869E0) !important;}.stk-896763a .stk-block-number-box__text:before{background-color:var(--theme-palette-color-2, #6869E0) !important;}<\/style><div class=\"stk-block-number-box__text\" role=\"presentation\">4<\/div><\/div>\n<\/div><\/div><\/div>\n\n\n\n<div class=\"wp-block-stackable-column stk-block-column stk-column stk-block stk-343df9c\" data-v=\"4\" data-block-id=\"343df9c\"><style>@media screen and (min-width:690px){.stk-343df9c {flex:var(--stk-flex-grow, 1) 1 calc(88.9% - var(--stk-column-gap, 0px) * 1 \/ 2 ) !important;}}<\/style><div class=\"stk-column-wrapper stk-block-column__content stk-container stk-343df9c-container stk--no-background stk--no-padding\"><div class=\"stk-block-content stk-inner-blocks stk-343df9c-inner-blocks\">\n<h2 class=\"wp-block-heading has-large-font-size\" style=\"margin-top:0;margin-bottom:0;font-style:normal;font-weight:600;text-transform:uppercase\" data-block-type=\"core\">SUIVI de TA progression<\/h2>\n\n\n\n<p data-block-type=\"core\">Ta charg\u00e9e d&rsquo;accompagnement reste en contact avec toi pour faire le point sur ton parcours, tes recherches d&rsquo;entreprises et tes immersions en entreprise. Elle te redirigera \u00e9galement vers les programmes pertinents pour optimiser ta recherche et d\u00e9velopper tes comp\u00e9tences.<\/p>\n<\/div><\/div><\/div>\n<\/div><\/div>\n<\/div>\n\n\n\n<hr class=\"wp-block-separator has-css-opacity is-style-default\"\/ data-block-type=\"core\">\n\n\n\n<div class=\"wp-block-buttons is-content-justification-center is-layout-flex wp-container-core-buttons-is-layout-a89b3969 wp-block-buttons-is-layout-flex\" data-block-type=\"core\">\n<div class=\"wp-block-button has-custom-width wp-block-button__width-75 has-custom-font-size\" style=\"font-size:clamp(14px, 0.875rem + ((1vw - 3.2px) * 0.469), 20px);font-style:normal;font-weight:700;letter-spacing:1px;text-transform:uppercase\" data-block-type=\"core\"><a class=\"wp-block-button__link has-text-color has-background wp-element-button\" href=\"https:\/\/www.test.tremplin-handicap.fr\/index.php\/jeunes-en-situation-de-handicap-contactez-nous\/\" style=\"color:#2c3066;background-color:#ffb23d;padding-top:32px;padding-right:48px;padding-bottom:32px;padding-left:48px\" target=\"_blank\" rel=\"noreferrer noopener\">int\u00e9ress\u00e9 ? Des questions ? Rencontrons-nous !<\/a><\/div>\n<\/div>\n\n\n\n<p data-block-type=\"core\"><\/p>\n","protected":false},"excerpt":{"rendered":"<p>\u00abGr\u00e2ce \u00e0 Tremplin Handicap, j&rsquo;ai repris confiance en moi et en mon avenir&nbsp;\u00bb Choisir notre accompagnement Plus de 1000 jeunes nous font confiance&#8230; &#8230;pourquoi pas TOI ? Notre accompagnement s\u2019adresse [&hellip;]<\/p>\n","protected":false},"author":1,"featured_media":0,"parent":0,"menu_order":0,"comment_status":"closed","ping_status":"closed","template":"","meta":{"_uag_custom_page_level_css":"","_EventAllDay":false,"_EventTimezone":"","_EventStartDate":"","_EventEndDate":"","_EventStartDateUTC":"","_EventEndDateUTC":"","_EventShowMap":false,"_EventShowMapLink":false,"_EventURL":"","_EventCost":"","_EventCostDescription":"","_EventCurrencySymbol":"","_EventCurrencyCode":"","_EventCurrencyPosition":"","_EventDateTimeSeparator":"","_EventTimeRangeSeparator":"","_EventOrganizerID":[],"_EventVenueID":[],"_OrganizerEmail":"","_OrganizerPhone":"","_OrganizerWebsite":"","_VenueAddress":"","_VenueCity":"","_VenueCountry":"","_VenueProvince":"","_VenueState":"","_VenueZip":"","_VenuePhone":"","_VenueURL":"","_VenueStateProvince":"","_VenueLat":"","_VenueLng":"","_VenueShowMap":false,"_VenueShowMapLink":false,"footnotes":""},"class_list":["post-809","page","type-page","status-publish","hentry"],"blocksy_meta":[],"uagb_featured_image_src":{"full":false,"thumbnail":false,"medium":false,"medium_large":false,"large":false,"1536x1536":false,"2048x2048":false},"uagb_author_info":{"display_name":"ValentineWs","author_link":"https:\/\/www.test.tremplin-handicap.fr\/index.php\/author\/admin3776\/"},"uagb_comment_info":0,"uagb_excerpt":"\u00abGr\u00e2ce \u00e0 Tremplin Handicap, j&rsquo;ai repris confiance en moi et en mon avenir&nbsp;\u00bb Choisir notre accompagnement Plus de 1000 jeunes nous font confiance&#8230; &#8230;pourquoi pas TOI ? Notre accompagnement s\u2019adresse [&hellip;]","_links":{"self":[{"href":"https:\/\/www.test.tremplin-handicap.fr\/index.php\/wp-json\/wp\/v2\/pages\/809","targetHints":{"allow":["GET"]}}],"collection":[{"href":"https:\/\/www.test.tremplin-handicap.fr\/index.php\/wp-json\/wp\/v2\/pages"}],"about":[{"href":"https:\/\/www.test.tremplin-handicap.fr\/index.php\/wp-json\/wp\/v2\/types\/page"}],"author":[{"embeddable":true,"href":"https:\/\/www.test.tremplin-handicap.fr\/index.php\/wp-json\/wp\/v2\/users\/1"}],"replies":[{"embeddable":true,"href":"https:\/\/www.test.tremplin-handicap.fr\/index.php\/wp-json\/wp\/v2\/comments?post=809"}],"version-history":[{"count":25,"href":"https:\/\/www.test.tremplin-handicap.fr\/index.php\/wp-json\/wp\/v2\/pages\/809\/revisions"}],"predecessor-version":[{"id":2143,"href":"https:\/\/www.test.tremplin-handicap.fr\/index.php\/wp-json\/wp\/v2\/pages\/809\/revisions\/2143"}],"wp:attachment":[{"href":"https:\/\/www.test.tremplin-handicap.fr\/index.php\/wp-json\/wp\/v2\/media?parent=809"}],"curies":[{"name":"wp","href":"https:\/\/api.w.org\/{rel}","templated":true}]}}