{"id":808,"date":"2024-03-01T15:31:28","date_gmt":"2024-03-01T14:31:28","guid":{"rendered":"https:\/\/www.test.tremplin-handicap.fr\/?page_id=808"},"modified":"2024-12-19T11:55:16","modified_gmt":"2024-12-19T10:55:16","slug":"employeurs","status":"publish","type":"page","link":"https:\/\/www.test.tremplin-handicap.fr\/index.php\/employeurs\/","title":{"rendered":"Employeur"},"content":{"rendered":"\n<div class=\"wp-block-group is-layout-constrained wp-block-group-is-layout-constrained\" data-block-type=\"core\">\n<blockquote class=\"wp-block-quote has-text-align-center is-style-large is-layout-flow wp-block-quote-is-layout-flow\" data-block-type=\"core\">\n<p data-block-type=\"core\">\u00abL&rsquo;engagement et le soutien de TREMPLIN Handicap nous a permis &nbsp;d&rsquo;accueillir des jeunes talentueux au sein de notre entreprise, o\u00f9 ils ont pu s&rsquo;\u00e9panouir pleinement\u00bb<\/p>\n<cite>\u2014 <em>partenaire de TREMPLIN Handicap<\/em><\/cite><\/blockquote>\n\n\n\n<hr class=\"wp-block-separator has-css-opacity is-style-default\"\/ data-block-type=\"core\">\n\n\n\n<hr class=\"wp-block-separator has-css-opacity is-style-default\"\/ data-block-type=\"core\">\n\n\n\n<div class=\"wp-block-group alignfull has-background is-layout-flow wp-block-group-is-layout-flow\" style=\"background-color:#fff7e8;margin-bottom:var(--wp--preset--spacing--40);padding-bottom:var(--wp--preset--spacing--60)\" data-block-type=\"core\">\n<div style=\"height:51px\" aria-hidden=\"true\" class=\"wp-block-spacer\" data-block-type=\"core\"><\/div>\n\n\n\n<div class=\"wp-block-columns alignwide are-vertically-aligned-center is-layout-flex wp-container-core-columns-is-layout-28f84493 wp-block-columns-is-layout-flex\" data-block-type=\"core\">\n<div class=\"wp-block-column is-layout-flow wp-block-column-is-layout-flow\" style=\"flex-basis:50%\" data-block-type=\"core\">\n<p class=\"has-palette-color-1-color has-text-color\" style=\"margin-top:0;margin-bottom:var(--wp--preset--spacing--40);font-size:clamp(21.536px, 1.346rem + ((1vw - 3.2px) * 1.052), 35px);font-style:normal;font-weight:600;line-height:1\" data-block-type=\"core\"><strong><span style=\"color: var(--theme-palette-color-1, #2B3056);background: linear-gradient(to bottom, transparent 50%, var(--theme-palette-color-5, #F6BE00) 50%)\" class=\"stk-highlight\">\u00catre partenaire de notre association<\/span><\/strong>&#8230;<\/p>\n<\/div>\n\n\n\n<div class=\"wp-block-column is-layout-flow wp-block-column-is-layout-flow\" style=\"flex-basis:50%\" data-block-type=\"core\">\n<hr class=\"wp-block-separator has-text-color has-css-opacity has-background is-style-wide\" style=\"background-color:#000000;color:#000000\"\/ data-block-type=\"core\">\n<\/div>\n<\/div>\n\n\n\n<div class=\"wp-block-columns alignwide is-layout-flex wp-container-core-columns-is-layout-28f84493 wp-block-columns-is-layout-flex\" data-block-type=\"core\">\n<div class=\"wp-block-column is-layout-flow wp-block-column-is-layout-flow\" style=\"padding-right:var(--wp--preset--spacing--70);padding-left:var(--wp--preset--spacing--70)\" data-block-type=\"core\">\n<div class=\"wp-block-stackable-heading stk-block-heading stk-block-heading--v2 stk-block stk-50d9fbc\" id=\"plus-de-100-employeurs-prives-et-publics-nous-font-confiance\" data-block-id=\"50d9fbc\"><style>.stk-50d9fbc {margin-bottom:0px !important;}<\/style><h2 class=\"stk-block-heading__text\">Plus de 100 employeurs priv\u00e9s et publics nous font confiance&#8230;<\/h2><\/div>\n\n\n\n<div class=\"wp-block-stackable-heading stk-block-heading stk-block-heading--v2 stk-block stk-1dc3dad\" id=\"pourquoi-pas-span-style-color-var-theme-palette-color-1-2-b-3056-background-linear-gradient-to-bottom-transparent-50-var-theme-palette-color-5-f-6-be-00-50-class-stk-highlight-vous-span\" data-block-id=\"1dc3dad\"><h2 class=\"stk-block-heading__text has-text-align-right\">&#8230;pourquoi pas<span style=\"color: var(--theme-palette-color-1, #2B3056);background: linear-gradient(to bottom, transparent 50%, var(--theme-palette-color-5, #F6BE00) 50%)\" class=\"stk-highlight\">VOUS<\/span>?<\/h2><\/div>\n<\/div>\n\n\n\n<div class=\"wp-block-column is-layout-flow wp-block-column-is-layout-flow\" data-block-type=\"core\">\n<p class=\"has-medium-font-size\" data-block-type=\"core\">&#8230; C&rsquo;est \u0153uvrer pour l&rsquo;\u00e9galit\u00e9 des chances, c&rsquo;est, \u00e0 nos c\u00f4t\u00e9s, donner toutes les opportunit\u00e9s aux jeunes en situation d&rsquo;handicap de se construire un avenir scolaire et professionnel ambitieux.<\/p>\n<\/div>\n<\/div>\n\n\n\n<div style=\"height:28px\" aria-hidden=\"true\" class=\"wp-block-spacer\" data-block-type=\"core\"><\/div>\n<\/div>\n\n\n\n<div style=\"height:15px\" aria-hidden=\"true\" class=\"wp-block-spacer\" data-block-type=\"core\"><\/div>\n\n\n\n<hr class=\"wp-block-separator has-css-opacity is-style-default\"\/ data-block-type=\"core\">\n\n\n\n<div class=\"wp-block-stackable-heading stk-block-heading stk-block-heading--v2 stk-block stk-c98b793\" id=\"avec-ce-span-style-color-var-theme-palette-color-2-6869-e-0-class-stk-highlight-partenariat-span-tremplin-handicap-vous-permettra-de\" data-block-id=\"c98b793\"><h3 class=\"stk-block-heading__text has-text-align-center\">Avec ce <span style=\"color: var(--theme-palette-color-2, #6869E0);\" class=\"stk-highlight\">partenariat<\/span>, TREMPLIN Handicap vous permettra de :<\/h3><\/div>\n\n\n\n<hr class=\"wp-block-separator has-css-opacity is-style-default\"\/ data-block-type=\"core\">\n\n\n\n<div style=\"height:15px\" aria-hidden=\"true\" class=\"wp-block-spacer\" data-block-type=\"core\"><\/div>\n<\/div>\n\n\n\n<div class=\"wp-block-group is-layout-constrained wp-block-group-is-layout-constrained\" data-block-type=\"core\">\n<div class=\"wp-block-stackable-columns stk-block-columns stk-block stk-347cceb\" data-block-id=\"347cceb\"><div class=\"stk-row stk-inner-blocks stk-block-content stk-content-align stk-347cceb-column\">\n<div class=\"wp-block-stackable-column stk-block-column stk-column stk-block stk-c6e673d\" data-v=\"4\" data-block-id=\"c6e673d\"><style>@media screen and (min-width:690px){.stk-c6e673d {flex:var(--stk-flex-grow, 1) 1 calc(11.1% - var(--stk-column-gap, 0px) * 1 \/ 2 ) !important;}}<\/style><div class=\"stk-column-wrapper stk-block-column__content stk-container stk-c6e673d-container stk--no-background stk--no-padding\"><div class=\"stk-block-content stk-inner-blocks stk-c6e673d-inner-blocks\">\n<div class=\"wp-block-stackable-number-box stk-block-number-box stk--has-shape stk-block stk-0653a20\" data-block-id=\"0653a20\"><style>.stk-0653a20 .stk-block-number-box__text{background-color:var(--theme-palette-color-2, #6869E0) !important;}.stk-0653a20 .stk-block-number-box__text:before{background-color:var(--theme-palette-color-2, #6869E0) !important;}<\/style><div class=\"stk-block-number-box__text\" role=\"presentation\">1<\/div><\/div>\n<\/div><\/div><\/div>\n\n\n\n<div class=\"wp-block-stackable-column stk-block-column stk-column stk-block stk-859a79a\" data-v=\"4\" data-block-id=\"859a79a\"><style>@media screen and (min-width:690px){.stk-859a79a {flex:var(--stk-flex-grow, 1) 1 calc(88.9% - var(--stk-column-gap, 0px) * 1 \/ 2 ) !important;}}<\/style><div class=\"stk-column-wrapper stk-block-column__content stk-container stk-859a79a-container stk--no-background stk--no-padding\"><div class=\"stk-block-content stk-inner-blocks stk-859a79a-inner-blocks\">\n<h2 class=\"wp-block-heading has-large-font-size\" style=\"margin-top:0;margin-bottom:0;font-style:normal;font-weight:600;text-transform:uppercase\" data-block-type=\"core\">D&rsquo;accueillir ET DE RECRUTER des jeunes en situation dE handicap dans vos activit\u00e9s<\/h2>\n\n\n\n<p data-block-type=\"core\">Nous mettons \u00e0 votre disposition un acc\u00e8s chaque mois aux profils des jeunes \u00e0 la recherche de stage, d&rsquo;alternance et d&#8217;emploi. Nous vous offrons un accompagnement pour leurs recrutement ainsi qu&rsquo;un suivi tout au long de leur accueil dans vos activit\u00e9s.<\/p>\n<\/div><\/div><\/div>\n<\/div><\/div>\n\n\n\n<div class=\"wp-block-stackable-columns stk-block-columns stk-block stk-3b73e00\" data-block-id=\"3b73e00\"><div class=\"stk-row stk-inner-blocks stk-block-content stk-content-align stk-3b73e00-column\">\n<div class=\"wp-block-stackable-column stk-block-column stk-column stk-block stk-865d995\" data-v=\"4\" data-block-id=\"865d995\"><style>@media screen and (min-width:690px){.stk-865d995 {flex:var(--stk-flex-grow, 1) 1 calc(11.1% - var(--stk-column-gap, 0px) * 1 \/ 2 ) !important;}}<\/style><div class=\"stk-column-wrapper stk-block-column__content stk-container stk-865d995-container stk--no-background stk--no-padding\"><div class=\"stk-block-content stk-inner-blocks stk-865d995-inner-blocks\">\n<div class=\"wp-block-stackable-number-box stk-block-number-box stk--has-shape stk-block stk-9e12421\" data-block-id=\"9e12421\"><style>.stk-9e12421 .stk-block-number-box__text{background-color:var(--theme-palette-color-2, #6869E0) !important;}.stk-9e12421 .stk-block-number-box__text:before{background-color:var(--theme-palette-color-2, #6869E0) !important;}<\/style><div class=\"stk-block-number-box__text\" role=\"presentation\">2<\/div><\/div>\n<\/div><\/div><\/div>\n\n\n\n<div class=\"wp-block-stackable-column stk-block-column stk-column stk-block stk-9ca6734\" data-v=\"4\" data-block-id=\"9ca6734\"><style>@media screen and (min-width:690px){.stk-9ca6734 {flex:var(--stk-flex-grow, 1) 1 calc(88.9% - var(--stk-column-gap, 0px) * 1 \/ 2 ) !important;}}<\/style><div class=\"stk-column-wrapper stk-block-column__content stk-container stk-9ca6734-container stk--no-background stk--no-padding\"><div class=\"stk-block-content stk-inner-blocks stk-9ca6734-inner-blocks\">\n<h2 class=\"wp-block-heading has-large-font-size\" style=\"margin-top:0;margin-bottom:0;font-style:normal;font-weight:600;text-transform:uppercase\" data-block-type=\"core\">D&rsquo;\u00e9changer avec le r\u00e9seaux des employeurs de l&rsquo;association<\/h2>\n\n\n\n<p data-block-type=\"core\">Nos r\u00e9unions mensuelles adh\u00e9rents nous permettent d&rsquo;\u00e9changer avec vous sur les bonnes pratiques. Nous vous proposons \u00e9galeent des rendez-vous th\u00e9matiques pour \u00e9changer sur des sujets handicap sp\u00e9cifiques.<\/p>\n<\/div><\/div><\/div>\n<\/div><\/div>\n\n\n\n<div class=\"wp-block-stackable-columns stk-block-columns stk-block stk-f60031d\" data-block-id=\"f60031d\"><div class=\"stk-row stk-inner-blocks stk-block-content stk-content-align stk-f60031d-column\">\n<div class=\"wp-block-stackable-column stk-block-column stk-column stk-block stk-8919c45\" data-v=\"4\" data-block-id=\"8919c45\"><style>@media screen and (min-width:690px){.stk-8919c45 {flex:var(--stk-flex-grow, 1) 1 calc(11.1% - var(--stk-column-gap, 0px) * 1 \/ 2 ) !important;}}<\/style><div class=\"stk-column-wrapper stk-block-column__content stk-container stk-8919c45-container stk--no-background stk--no-padding\"><div class=\"stk-block-content stk-inner-blocks stk-8919c45-inner-blocks\">\n<div class=\"wp-block-stackable-number-box stk-block-number-box stk--has-shape stk-block stk-e17c81d\" data-block-id=\"e17c81d\"><style>.stk-e17c81d .stk-block-number-box__text{background-color:var(--theme-palette-color-2, #6869E0) !important;}.stk-e17c81d .stk-block-number-box__text:before{background-color:var(--theme-palette-color-2, #6869E0) !important;}<\/style><div class=\"stk-block-number-box__text\" role=\"presentation\">3<\/div><\/div>\n<\/div><\/div><\/div>\n\n\n\n<div class=\"wp-block-stackable-column stk-block-column stk-column stk-block stk-3d03951\" data-v=\"4\" data-block-id=\"3d03951\"><style>@media screen and (min-width:690px){.stk-3d03951 {flex:var(--stk-flex-grow, 1) 1 calc(88.9% - var(--stk-column-gap, 0px) * 1 \/ 2 ) !important;}}<\/style><div class=\"stk-column-wrapper stk-block-column__content stk-container stk-3d03951-container stk--no-background stk--no-padding\"><div class=\"stk-block-content stk-inner-blocks stk-3d03951-inner-blocks\">\n<h2 class=\"wp-block-heading has-large-font-size\" style=\"margin-top:0;margin-bottom:0;font-style:normal;font-weight:600;text-transform:uppercase\" data-block-type=\"core\">engager vos collaborateurs via notre programme de coaching <\/h2>\n\n\n\n<p data-block-type=\"core\">La d\u00e9couverte de m\u00e9tier, l&rsquo;orientation, la r\u00e9daction de CV &amp; lettre de motivation, l&rsquo;entra\u00eenement au recrutement, l&rsquo;am\u00e9lioration du niveau d&rsquo;anglais, la visibilit\u00e9 num\u00e9rique.<\/p>\n<\/div><\/div><\/div>\n<\/div><\/div>\n\n\n\n<div class=\"wp-block-stackable-columns stk-block-columns stk-block stk-0f94f69\" data-block-id=\"0f94f69\"><div class=\"stk-row stk-inner-blocks stk-block-content stk-content-align stk-0f94f69-column\">\n<div class=\"wp-block-stackable-column stk-block-column stk-column stk-block stk-f0b8c57\" data-v=\"4\" data-block-id=\"f0b8c57\"><style>@media screen and (min-width:690px){.stk-f0b8c57 {flex:var(--stk-flex-grow, 1) 1 calc(11.1% - var(--stk-column-gap, 0px) * 1 \/ 2 ) !important;}}<\/style><div class=\"stk-column-wrapper stk-block-column__content stk-container stk-f0b8c57-container stk--no-background stk--no-padding\"><div class=\"stk-block-content stk-inner-blocks stk-f0b8c57-inner-blocks\">\n<div class=\"wp-block-stackable-number-box stk-block-number-box stk--has-shape stk-block stk-85a2c97\" data-block-id=\"85a2c97\"><style>.stk-85a2c97 .stk-block-number-box__text{background-color:var(--theme-palette-color-2, #6869E0) !important;}.stk-85a2c97 .stk-block-number-box__text:before{background-color:var(--theme-palette-color-2, #6869E0) !important;}<\/style><div class=\"stk-block-number-box__text\" role=\"presentation\">4<\/div><\/div>\n<\/div><\/div><\/div>\n\n\n\n<div class=\"wp-block-stackable-column stk-block-column stk-column stk-block stk-74ca1b2\" data-v=\"4\" data-block-id=\"74ca1b2\"><style>@media screen and (min-width:690px){.stk-74ca1b2 {flex:var(--stk-flex-grow, 1) 1 calc(88.9% - var(--stk-column-gap, 0px) * 1 \/ 2 ) !important;}}<\/style><div class=\"stk-column-wrapper stk-block-column__content stk-container stk-74ca1b2-container stk--no-background stk--no-padding\"><div class=\"stk-block-content stk-inner-blocks stk-74ca1b2-inner-blocks\">\n<h2 class=\"wp-block-heading has-large-font-size\" style=\"margin-top:0;margin-bottom:0;font-style:normal;font-weight:600;text-transform:uppercase\" data-block-type=\"core\">d\u00e9ployer des actions handicap sp\u00e9cifiques compl\u00e9mentaires<\/h2>\n\n\n\n<p data-block-type=\"core\">Nos actions vous permettent de d\u00e9velopper votre marque employeur aupr\u00e8s des jeunes en situation de handicap, de former &amp; sensibiliser vos managers, recruteurs et collaborateurs, de recruter avec nos forums DESTINATION stage, alternance et 1er emploi, de mettre en place une relation de mentorat entre vos collaborateurs et jeunes accompagn\u00e9s.<\/p>\n<\/div><\/div><\/div>\n<\/div><\/div>\n<\/div>\n\n\n\n<div class=\"wp-block-buttons is-content-justification-center is-layout-flex wp-container-core-buttons-is-layout-a89b3969 wp-block-buttons-is-layout-flex\" data-block-type=\"core\">\n<div class=\"wp-block-button has-custom-width wp-block-button__width-75 has-custom-font-size\" style=\"font-size:clamp(14px, 0.875rem + ((1vw - 3.2px) * 0.469), 20px);font-style:normal;font-weight:700;letter-spacing:1px;text-transform:uppercase\" data-block-type=\"core\"><a class=\"wp-block-button__link has-palette-color-1-color has-palette-color-5-background-color has-text-color has-background wp-element-button\" href=\"https:\/\/www.test.tremplin-handicap.fr\/index.php\/employeurs-partenaires\/\" style=\"padding-top:32px;padding-right:48px;padding-bottom:32px;padding-left:48px\" target=\"_blank\" rel=\"noreferrer noopener\">Notre projet vous int\u00e9resse ? Rencontrons-nous !<\/a><\/div>\n<\/div>\n\n\n\n<p data-block-type=\"core\"><\/p>\n","protected":false},"excerpt":{"rendered":"<p>\u00abL&rsquo;engagement et le soutien de TREMPLIN Handicap nous a permis &nbsp;d&rsquo;accueillir des jeunes talentueux au sein de notre entreprise, o\u00f9 ils ont pu s&rsquo;\u00e9panouir pleinement\u00bb \u00catre partenaire de notre association&#8230; [&hellip;]<\/p>\n","protected":false},"author":1,"featured_media":0,"parent":0,"menu_order":0,"comment_status":"closed","ping_status":"closed","template":"","meta":{"_uag_custom_page_level_css":"","_EventAllDay":false,"_EventTimezone":"","_EventStartDate":"","_EventEndDate":"","_EventStartDateUTC":"","_EventEndDateUTC":"","_EventShowMap":false,"_EventShowMapLink":false,"_EventURL":"","_EventCost":"","_EventCostDescription":"","_EventCurrencySymbol":"","_EventCurrencyCode":"","_EventCurrencyPosition":"","_EventDateTimeSeparator":"","_EventTimeRangeSeparator":"","_EventOrganizerID":[],"_EventVenueID":[],"_OrganizerEmail":"","_OrganizerPhone":"","_OrganizerWebsite":"","_VenueAddress":"","_VenueCity":"","_VenueCountry":"","_VenueProvince":"","_VenueState":"","_VenueZip":"","_VenuePhone":"","_VenueURL":"","_VenueStateProvince":"","_VenueLat":"","_VenueLng":"","_VenueShowMap":false,"_VenueShowMapLink":false,"footnotes":""},"class_list":["post-808","page","type-page","status-publish","hentry"],"blocksy_meta":[],"uagb_featured_image_src":{"full":false,"thumbnail":false,"medium":false,"medium_large":false,"large":false,"1536x1536":false,"2048x2048":false},"uagb_author_info":{"display_name":"ValentineWs","author_link":"https:\/\/www.test.tremplin-handicap.fr\/index.php\/author\/admin3776\/"},"uagb_comment_info":0,"uagb_excerpt":"\u00abL&rsquo;engagement et le soutien de TREMPLIN Handicap nous a permis &nbsp;d&rsquo;accueillir des jeunes talentueux au sein de notre entreprise, o\u00f9 ils ont pu s&rsquo;\u00e9panouir pleinement\u00bb \u00catre partenaire de notre association&#8230; [&hellip;]","_links":{"self":[{"href":"https:\/\/www.test.tremplin-handicap.fr\/index.php\/wp-json\/wp\/v2\/pages\/808","targetHints":{"allow":["GET"]}}],"collection":[{"href":"https:\/\/www.test.tremplin-handicap.fr\/index.php\/wp-json\/wp\/v2\/pages"}],"about":[{"href":"https:\/\/www.test.tremplin-handicap.fr\/index.php\/wp-json\/wp\/v2\/types\/page"}],"author":[{"embeddable":true,"href":"https:\/\/www.test.tremplin-handicap.fr\/index.php\/wp-json\/wp\/v2\/users\/1"}],"replies":[{"embeddable":true,"href":"https:\/\/www.test.tremplin-handicap.fr\/index.php\/wp-json\/wp\/v2\/comments?post=808"}],"version-history":[{"count":12,"href":"https:\/\/www.test.tremplin-handicap.fr\/index.php\/wp-json\/wp\/v2\/pages\/808\/revisions"}],"predecessor-version":[{"id":2139,"href":"https:\/\/www.test.tremplin-handicap.fr\/index.php\/wp-json\/wp\/v2\/pages\/808\/revisions\/2139"}],"wp:attachment":[{"href":"https:\/\/www.test.tremplin-handicap.fr\/index.php\/wp-json\/wp\/v2\/media?parent=808"}],"curies":[{"name":"wp","href":"https:\/\/api.w.org\/{rel}","templated":true}]}}