{"id":786,"date":"2024-03-01T15:26:26","date_gmt":"2024-03-01T14:26:26","guid":{"rendered":"https:\/\/www.test.tremplin-handicap.fr\/?page_id=786"},"modified":"2024-12-19T12:04:41","modified_gmt":"2024-12-19T11:04:41","slug":"notre-vision","status":"publish","type":"page","link":"https:\/\/www.test.tremplin-handicap.fr\/index.php\/notre-vision\/","title":{"rendered":"Notre vision"},"content":{"rendered":"\n<div class=\"wp-block-stackable-separator alignfull stk-block-separator stk--no-padding stk-block stk-4124ab3 stk-block-background\" data-block-id=\"4124ab3\"><style>.stk-4124ab3 {background-color:var(--theme-palette-color-5, #F6BE00) !important;align-items:flex-start !important;margin-bottom:0px !important;display:flex !important;transform:scaleY(-1) !important;}.stk-4124ab3:before{background-color:var(--theme-palette-color-5, #F6BE00) !important;}.stk-4124ab3 .stk-block-separator__inner{height:165px !important;}<\/style><div class=\"stk-block-separator__inner\"><svg xmlns=\"http:\/\/www.w3.org\/2000\/svg\" viewBox=\"0 0 1600 200\" class=\"stk-separator__layer-1\" preserveAspectRatio=\"none\" aria-hidden=\"true\"><path class=\"wave-3_svg__st2\" d=\"M1413.6 161.4c-157.9 0-338.2-37.7-495.1-67.4-215.6-40.8-328.1-44.6-418.2-41.1S317 73.4 188.4 102-10 136.2-10 136.2v74.2h1620v-68.5s-68.8 19.5-196.4 19.5z\"><\/path><\/svg><\/div><\/div>\n\n\n\n<div class=\"wp-block-group alignfull has-palette-color-5-background-color has-background is-layout-constrained wp-block-group-is-layout-constrained\" style=\"margin-top:0;margin-bottom:0\" data-block-type=\"core\">\n<div class=\"wp-block-media-text alignfull is-stacked-on-mobile has-palette-color-5-background-color has-background\" style=\"padding-top:var(--wp--preset--spacing--40);padding-bottom:var(--wp--preset--spacing--40);grid-template-columns:38% auto\" data-block-type=\"core\"><figure class=\"wp-block-media-text__media\"><img loading=\"lazy\" decoding=\"async\" width=\"842\" height=\"561\" src=\"https:\/\/www.test.tremplin-handicap.fr\/wp-content\/uploads\/2024\/03\/image-libre-de-droit.jpg\" alt=\"\" class=\"wp-image-1609 size-full\" srcset=\"https:\/\/www.test.tremplin-handicap.fr\/wp-content\/uploads\/2024\/03\/image-libre-de-droit.jpg 842w, https:\/\/www.test.tremplin-handicap.fr\/wp-content\/uploads\/2024\/03\/image-libre-de-droit-300x200.jpg 300w, https:\/\/www.test.tremplin-handicap.fr\/wp-content\/uploads\/2024\/03\/image-libre-de-droit-768x512.jpg 768w\" sizes=\"auto, (max-width: 842px) 100vw, 842px\" \/><\/figure><div class=\"wp-block-media-text__content\">\n<div class=\"wp-block-stackable-heading stk-block-heading stk-block-heading--v2 stk-block stk-99d3861\" id=\"span-style-color-var-theme-palette-color-2-6869-e-0-background-linear-gradient-to-bottom-transparent-50-var-theme-palette-color-6-fff-5-dc-50-class-stk-highlight-notre-vision-span\" data-block-id=\"99d3861\"><style>.stk-99d3861 {margin-top:-47px !important;margin-bottom:0px !important;}.stk-99d3861 .stk-block-heading__text{color:var(--theme-palette-color-8, #ffffff) !important;}<\/style><h1 class=\"stk-block-heading__text has-text-color has-text-align-center\"><span style=\"color: var(--theme-palette-color-2, #6869E0);background: linear-gradient(to bottom, transparent 50%, var(--theme-palette-color-6, #FFF5DC) 50%)\" class=\"stk-highlight\">Notre vision<\/span><\/h1><\/div>\n\n\n\n<p class=\"has-text-align-left has-palette-color-3-color has-palette-color-6-background-color has-text-color has-background has-link-color has-medium-font-size wp-elements-5240b630d452d274619935ba57a7e923\" style=\"margin-top:var(--wp--preset--spacing--50);margin-right:0;margin-bottom:var(--wp--preset--spacing--50);margin-left:0\" data-block-type=\"core\">Une soci\u00e9t\u00e9 <strong>inclusive<\/strong> qui offre \u00e0 chaque jeune en situation de handicap, quels que soient son territoire et son handicap, les m\u00eames <strong>opportunit\u00e9s <\/strong>qu&rsquo;aux autres jeunes de <strong>se<\/strong> <strong>construire un avenir acad\u00e9mique et professionnel ambitieux<\/strong>, \u00e0 la hauteur de leur <strong>potentiel<\/strong> et de leurs <strong>aspirations<\/strong>.<\/p>\n\n\n\n<div class=\"wp-block-stackable-button-group stk-block-button-group stk-block stk-55d05bc\" data-block-id=\"55d05bc\"><style>.stk-55d05bc .stk-button-group{flex-direction:row !important;}.stk-55d05bc {margin-bottom:15px !important;}@media screen and (max-width:999px){.stk-55d05bc .stk-button-group{flex-direction:row !important;}}@media screen and (max-width:689px){.stk-55d05bc .stk-button-group{flex-direction:row !important;}}<\/style><div class=\"stk-row stk-inner-blocks stk-block-content stk-button-group\">\n<div class=\"wp-block-stackable-button stk-block-button has-text-align-center stk-block stk-ac4f980\" data-block-id=\"ac4f980\"><style>.stk-ac4f980 {box-shadow:none !important;min-height:0px !important;align-items:center !important;padding-top:0px !important;padding-right:0px !important;padding-bottom:0px !important;padding-left:0px !important;margin-right:11px !important;display:flex !important;}.stk-ac4f980 .stk-button{background:var(--theme-palette-color-2, #6869E0) !important;}.stk-ac4f980 .stk-button:before{box-shadow:none !important;}.stk-ac4f980 .stk-button__inner-text{font-size:14px !important;color:var(--theme-palette-color-8, #ffffff) !important;font-weight:600 !important;text-transform:uppercase !important;font-family:\"Roboto\", Sans-serif !important;}@media screen and (max-width:999px){.stk-ac4f980 .stk-button__inner-text{font-size:14px !important;}}<\/style><a class=\"stk-link stk-button stk--hover-effect-scale-more\" href=\"https:\/\/www.test.tremplin-handicap.fr\/index.php\/nos-actions\/\" target=\"_blank\" rel=\"noreferrer noopener\"><span class=\"stk--svg-wrapper\"><div class=\"stk--inner-svg\"><svg xmlns=\"http:\/\/www.w3.org\/2000\/svg\" viewBox=\"0 0 512 512\" aria-hidden=\"true\" width=\"32\" height=\"32\"><path d=\"M256 512A256 256 0 1 0 256 0a256 256 0 1 0 0 512zM216 336h24V272H216c-13.3 0-24-10.7-24-24s10.7-24 24-24h48c13.3 0 24 10.7 24 24v88h8c13.3 0 24 10.7 24 24s-10.7 24-24 24H216c-13.3 0-24-10.7-24-24s10.7-24 24-24zm40-208a32 32 0 1 1 0 64 32 32 0 1 1 0-64z\"><\/path><\/svg><\/div><\/span><span class=\"has-text-color stk-button__inner-text\">En savoir plus sur nos actions<\/span><\/a><\/div>\n\n\n\n<div class=\"wp-block-stackable-button stk-block-button has-text-align-center stk-block stk-7cc7e26\" data-block-id=\"7cc7e26\"><style>.stk-7cc7e26 {box-shadow:none !important;align-items:center !important;display:flex !important;}.stk-7cc7e26 .stk-button{background:var(--theme-palette-color-2, #6869E0) !important;}.stk-7cc7e26 .stk-button:before{box-shadow:none !important;}.stk-7cc7e26 .stk-button__inner-text{font-size:14px !important;color:var(--theme-palette-color-8, #ffffff) !important;font-weight:600 !important;text-transform:uppercase !important;font-family:\"Roboto\", Sans-serif !important;}@media screen and (max-width:999px){.stk-7cc7e26 .stk-button__inner-text{font-size:14px !important;}}<\/style><a class=\"stk-link stk-button stk--hover-effect-scale-more\" href=\"https:\/\/www.test.tremplin-handicap.fr\/index.php\/category\/actualites\/\" target=\"_blank\" rel=\"noreferrer noopener\"><span class=\"stk--svg-wrapper\"><div class=\"stk--inner-svg\"><svg xmlns=\"http:\/\/www.w3.org\/2000\/svg\" viewBox=\"0 0 576 512\" aria-hidden=\"true\" width=\"32\" height=\"32\"><path d=\"M208 80c0-26.5 21.5-48 48-48h64c26.5 0 48 21.5 48 48v64c0 26.5-21.5 48-48 48h-8v40H464c30.9 0 56 25.1 56 56v32h8c26.5 0 48 21.5 48 48v64c0 26.5-21.5 48-48 48H464c-26.5 0-48-21.5-48-48V368c0-26.5 21.5-48 48-48h8V288c0-4.4-3.6-8-8-8H312v40h8c26.5 0 48 21.5 48 48v64c0 26.5-21.5 48-48 48H256c-26.5 0-48-21.5-48-48V368c0-26.5 21.5-48 48-48h8V280H112c-4.4 0-8 3.6-8 8v32h8c26.5 0 48 21.5 48 48v64c0 26.5-21.5 48-48 48H48c-26.5 0-48-21.5-48-48V368c0-26.5 21.5-48 48-48h8V288c0-30.9 25.1-56 56-56H264V192h-8c-26.5 0-48-21.5-48-48V80z\"><\/path><\/svg><\/div><\/span><span class=\"has-text-color stk-button__inner-text\">Parcourez nos actualit\u00e9s<\/span><\/a><\/div>\n<\/div><\/div>\n\n\n\n<div class=\"wp-block-stackable-image stk-block-image has-text-align-right stk-block stk-5055d79\" data-block-id=\"5055d79\"><style>.stk-5055d79 {margin-bottom:-22px !important;}.stk-5055d79 .stk-img-wrapper{width:10% !important;}<\/style><figure><span class=\"stk-img-wrapper stk-image--shape-stretch\"><img loading=\"lazy\" decoding=\"async\" class=\"stk-img wp-image-1113\" src=\"https:\/\/www.test.tremplin-handicap.fr\/wp-content\/uploads\/2024\/03\/LOGO-jaune-e1710412699219.png\" width=\"1013\" height=\"478\" srcset=\"https:\/\/www.test.tremplin-handicap.fr\/wp-content\/uploads\/2024\/03\/LOGO-jaune-e1710412699219.png 1013w, https:\/\/www.test.tremplin-handicap.fr\/wp-content\/uploads\/2024\/03\/LOGO-jaune-e1710412699219-300x142.png 300w, https:\/\/www.test.tremplin-handicap.fr\/wp-content\/uploads\/2024\/03\/LOGO-jaune-e1710412699219-768x362.png 768w\" sizes=\"auto, (max-width: 1013px) 100vw, 1013px\" \/><\/span><\/figure><\/div>\n<\/div><\/div>\n<\/div>\n\n\n\n<div class=\"wp-block-stackable-separator alignfull stk-block-separator stk--no-padding stk-block stk-3f37ed0 stk-block-background\" data-block-id=\"3f37ed0\"><style>.stk-3f37ed0 {background-color:var(--theme-palette-color-5, #F6BE00) !important;align-items:flex-start !important;display:flex !important;}.stk-3f37ed0:before{background-color:var(--theme-palette-color-5, #F6BE00) !important;}.stk-3f37ed0 .stk-block-separator__inner{height:165px !important;}<\/style><div class=\"stk-block-separator__inner\"><svg xmlns=\"http:\/\/www.w3.org\/2000\/svg\" viewBox=\"0 0 1600 200\" class=\"stk-separator__layer-1\" preserveAspectRatio=\"none\" aria-hidden=\"true\"><path class=\"wave-3_svg__st2\" d=\"M1413.6 161.4c-157.9 0-338.2-37.7-495.1-67.4-215.6-40.8-328.1-44.6-418.2-41.1S317 73.4 188.4 102-10 136.2-10 136.2v74.2h1620v-68.5s-68.8 19.5-196.4 19.5z\"><\/path><\/svg><\/div><\/div>\n\n\n\n<div class=\"wp-block-stackable-spacer stk-block-spacer stk--no-padding stk-block stk-f1c7cd8\" data-block-id=\"f1c7cd8\"><style>.stk-f1c7cd8 {height:77px !important;}<\/style><\/div>\n\n\n\n<div class=\"wp-block-stackable-heading stk-block-heading stk-block-heading--v2 stk-block stk-be47dfe\" id=\"span-style-color-var-theme-palette-color-1-2-b-3056-background-linear-gradient-to-bottom-transparent-50-var-theme-palette-color-5-f-6-be-00-50-class-stk-highlight-strong-notre-raison-detre-strong-span\" data-block-id=\"be47dfe\"><style>.stk-be47dfe {margin-bottom:0px !important;}<\/style><h1 class=\"stk-block-heading__text has-text-align-center\"><span style=\"color: var(--theme-palette-color-1, #2B3056);background: linear-gradient(to bottom, transparent 50%, var(--theme-palette-color-5, #F6BE00) 50%)\" class=\"stk-highlight\"><strong>Notre raison d&rsquo;\u00eatre<\/strong><\/span><\/h1><\/div>\n\n\n\n<div class=\"wp-block-stackable-heading stk-block-heading stk-block-heading--v2 stk-block stk-fe161ac\" id=\"span-style-color-var-theme-palette-color-1-2-b-3056-class-stk-highlight-repondre-a-span-span-style-color-var-theme-palette-color-2-6869-e-0-class-stk-highlight-5-span-span-style-color-var-theme-palette-color-1-2-b-3056-class-stk-highlight-des-17-objectifs-de-developpement-durble-etablis-par-les-etats-membres-des-nations-unies-pour-changer-le-monde-span\" data-block-id=\"fe161ac\"><style>.stk-fe161ac {margin-bottom:5px !important;}<\/style><h6 class=\"stk-block-heading__text has-text-align-center\"><span style=\"color: var(--theme-palette-color-1, #2B3056);\" class=\"stk-highlight\">R\u00e9pondre \u00e0 <\/span><span style=\"color: var(--theme-palette-color-2, #6869E0);\" class=\"stk-highlight\">5 <\/span><span style=\"color: var(--theme-palette-color-1, #2B3056);\" class=\"stk-highlight\">des 17 objectifs de d\u00e9veloppement durble \u00e9tablis par les \u00e9tats membres des nations unies pour changer le monde<\/span><\/h6><\/div>\n\n\n\n<div class=\"wp-block-stackable-columns stk-block-columns stk-block stk-922c05c\" data-block-id=\"922c05c\"><div class=\"stk-row stk-inner-blocks stk-block-content stk-content-align stk-922c05c-column\">\n<div class=\"wp-block-stackable-column stk-block-column stk-column stk-block stk-ab9e21f\" data-v=\"4\" data-block-id=\"ab9e21f\"><style>.stk-ab9e21f {align-self:center !important;}@media screen and (min-width:690px){.stk-ab9e21f {flex:var(--stk-flex-grow, 1) 1 calc(54.4% - var(--stk-column-gap, 0px) * 1 \/ 2 ) !important;}}<\/style><div class=\"stk-column-wrapper stk-block-column__content stk-container stk-ab9e21f-container stk--no-background stk--no-padding\"><div class=\"stk-block-content stk-inner-blocks stk-ab9e21f-inner-blocks\">\n<div class=\"wp-block-uagb-image uagb-block-374633cc wp-block-uagb-image--layout-default wp-block-uagb-image--effect-static wp-block-uagb-image--align-none\"><figure class=\"wp-block-uagb-image__figure\"><img decoding=\"async\" srcset=\"https:\/\/www.test.tremplin-handicap.fr\/wp-content\/uploads\/2024\/03\/objectifs-dev-durable.png ,https:\/\/www.test.tremplin-handicap.fr\/wp-content\/uploads\/2024\/03\/objectifs-dev-durable.png 780w, https:\/\/www.test.tremplin-handicap.fr\/wp-content\/uploads\/2024\/03\/objectifs-dev-durable.png 360w\" sizes=\"auto, (max-width: 480px) 150px\" src=\"https:\/\/www.test.tremplin-handicap.fr\/wp-content\/uploads\/2024\/03\/objectifs-dev-durable.png\" alt=\"\" class=\"uag-image-1647\" width=\"900\" height=\"695\" title=\"objectifs-dev-durable\" loading=\"lazy\" role=\"img\"\/><\/figure><\/div>\n<\/div><\/div><\/div>\n\n\n\n<div class=\"wp-block-stackable-column stk-block-column stk-column stk-block stk-153ee92\" data-v=\"4\" data-block-id=\"153ee92\"><style>.stk-153ee92 {align-self:center !important;}@media screen and (min-width:690px){.stk-153ee92 {flex:var(--stk-flex-grow, 1) 1 calc(45.6% - var(--stk-column-gap, 0px) * 1 \/ 2 ) !important;}}<\/style><div class=\"stk-column-wrapper stk-block-column__content stk-container stk-153ee92-container stk--no-background stk--no-padding\"><div class=\"stk-block-content stk-inner-blocks stk-153ee92-inner-blocks\">\n<div class=\"wp-block-uagb-icon-list uagb-block-3ae971d6\"><div class=\"uagb-icon-list__wrap\">\n<div class=\"wp-block-uagb-icon-list-child uagb-block-b9d67dcb\"><span class=\"uagb-icon-list__source-wrap\"><svg xmlns=\"https:\/\/www.w3.org\/2000\/svg\" viewBox=\"0 0 448 512\"><path d=\"M438.6 105.4C451.1 117.9 451.1 138.1 438.6 150.6L182.6 406.6C170.1 419.1 149.9 419.1 137.4 406.6L9.372 278.6C-3.124 266.1-3.124 245.9 9.372 233.4C21.87 220.9 42.13 220.9 54.63 233.4L159.1 338.7L393.4 105.4C405.9 92.88 426.1 92.88 438.6 105.4H438.6z\"><\/path><\/svg><\/span><span class=\"uagb-icon-list__label\"><strong>Eradication de la pauvret\u00e9 <\/strong><\/span><\/div>\n\n\n\n<div class=\"wp-block-uagb-icon-list-child uagb-block-fd9b7a23\"><span class=\"uagb-icon-list__source-wrap\"><svg xmlns=\"https:\/\/www.w3.org\/2000\/svg\" viewBox=\"0 0 448 512\"><path d=\"M438.6 105.4C451.1 117.9 451.1 138.1 438.6 150.6L182.6 406.6C170.1 419.1 149.9 419.1 137.4 406.6L9.372 278.6C-3.124 266.1-3.124 245.9 9.372 233.4C21.87 220.9 42.13 220.9 54.63 233.4L159.1 338.7L393.4 105.4C405.9 92.88 426.1 92.88 438.6 105.4H438.6z\"><\/path><\/svg><\/span><span class=\"uagb-icon-list__label\"><strong>Acc\u00e8s \u00e0 une \u00e9ducation de qualit\u00e9<\/strong><\/span><\/div>\n\n\n\n<div class=\"wp-block-uagb-icon-list-child uagb-block-08378fa7\"><span class=\"uagb-icon-list__source-wrap\"><svg xmlns=\"https:\/\/www.w3.org\/2000\/svg\" viewBox=\"0 0 448 512\"><path d=\"M438.6 105.4C451.1 117.9 451.1 138.1 438.6 150.6L182.6 406.6C170.1 419.1 149.9 419.1 137.4 406.6L9.372 278.6C-3.124 266.1-3.124 245.9 9.372 233.4C21.87 220.9 42.13 220.9 54.63 233.4L159.1 338.7L393.4 105.4C405.9 92.88 426.1 92.88 438.6 105.4H438.6z\"><\/path><\/svg><\/span><span class=\"uagb-icon-list__label\"><strong>Acc\u00e8s \u00e0 des emplois d\u00e9cents<\/strong><\/span><\/div>\n\n\n\n<div class=\"wp-block-uagb-icon-list-child uagb-block-d2fb8175\"><span class=\"uagb-icon-list__source-wrap\"><svg xmlns=\"https:\/\/www.w3.org\/2000\/svg\" viewBox=\"0 0 448 512\"><path d=\"M438.6 105.4C451.1 117.9 451.1 138.1 438.6 150.6L182.6 406.6C170.1 419.1 149.9 419.1 137.4 406.6L9.372 278.6C-3.124 266.1-3.124 245.9 9.372 233.4C21.87 220.9 42.13 220.9 54.63 233.4L159.1 338.7L393.4 105.4C405.9 92.88 426.1 92.88 438.6 105.4H438.6z\"><\/path><\/svg><\/span><span class=\"uagb-icon-list__label\"><strong>R\u00e9duction des in\u00e9galit\u00e9s<\/strong><\/span><\/div>\n\n\n\n<div class=\"wp-block-uagb-icon-list-child uagb-block-4321127a\"><span class=\"uagb-icon-list__source-wrap\"><svg xmlns=\"https:\/\/www.w3.org\/2000\/svg\" viewBox=\"0 0 448 512\"><path d=\"M438.6 105.4C451.1 117.9 451.1 138.1 438.6 150.6L182.6 406.6C170.1 419.1 149.9 419.1 137.4 406.6L9.372 278.6C-3.124 266.1-3.124 245.9 9.372 233.4C21.87 220.9 42.13 220.9 54.63 233.4L159.1 338.7L393.4 105.4C405.9 92.88 426.1 92.88 438.6 105.4H438.6z\"><\/path><\/svg><\/span><span class=\"uagb-icon-list__label\"><strong>Villes et communaut\u00e9s durables<\/strong><\/span><\/div>\n<\/div><\/div>\n<\/div><\/div><\/div>\n<\/div><\/div>\n","protected":false},"excerpt":{"rendered":"<p>Notre vision Une soci\u00e9t\u00e9 inclusive qui offre \u00e0 chaque jeune en situation de handicap, quels que soient son territoire et son handicap, les m\u00eames opportunit\u00e9s qu&rsquo;aux autres jeunes de se [&hellip;]<\/p>\n","protected":false},"author":1,"featured_media":0,"parent":0,"menu_order":0,"comment_status":"closed","ping_status":"closed","template":"","meta":{"_uag_custom_page_level_css":"","_EventAllDay":false,"_EventTimezone":"","_EventStartDate":"","_EventEndDate":"","_EventStartDateUTC":"","_EventEndDateUTC":"","_EventShowMap":false,"_EventShowMapLink":false,"_EventURL":"","_EventCost":"","_EventCostDescription":"","_EventCurrencySymbol":"","_EventCurrencyCode":"","_EventCurrencyPosition":"","_EventDateTimeSeparator":"","_EventTimeRangeSeparator":"","_EventOrganizerID":[],"_EventVenueID":[],"_OrganizerEmail":"","_OrganizerPhone":"","_OrganizerWebsite":"","_VenueAddress":"","_VenueCity":"","_VenueCountry":"","_VenueProvince":"","_VenueState":"","_VenueZip":"","_VenuePhone":"","_VenueURL":"","_VenueStateProvince":"","_VenueLat":"","_VenueLng":"","_VenueShowMap":false,"_VenueShowMapLink":false,"footnotes":""},"class_list":["post-786","page","type-page","status-publish","hentry"],"blocksy_meta":[],"uagb_featured_image_src":{"full":false,"thumbnail":false,"medium":false,"medium_large":false,"large":false,"1536x1536":false,"2048x2048":false},"uagb_author_info":{"display_name":"ValentineWs","author_link":"https:\/\/www.test.tremplin-handicap.fr\/index.php\/author\/admin3776\/"},"uagb_comment_info":0,"uagb_excerpt":"Notre vision Une soci\u00e9t\u00e9 inclusive qui offre \u00e0 chaque jeune en situation de handicap, quels que soient son territoire et son handicap, les m\u00eames opportunit\u00e9s qu&rsquo;aux autres jeunes de se [&hellip;]","_links":{"self":[{"href":"https:\/\/www.test.tremplin-handicap.fr\/index.php\/wp-json\/wp\/v2\/pages\/786","targetHints":{"allow":["GET"]}}],"collection":[{"href":"https:\/\/www.test.tremplin-handicap.fr\/index.php\/wp-json\/wp\/v2\/pages"}],"about":[{"href":"https:\/\/www.test.tremplin-handicap.fr\/index.php\/wp-json\/wp\/v2\/types\/page"}],"author":[{"embeddable":true,"href":"https:\/\/www.test.tremplin-handicap.fr\/index.php\/wp-json\/wp\/v2\/users\/1"}],"replies":[{"embeddable":true,"href":"https:\/\/www.test.tremplin-handicap.fr\/index.php\/wp-json\/wp\/v2\/comments?post=786"}],"version-history":[{"count":10,"href":"https:\/\/www.test.tremplin-handicap.fr\/index.php\/wp-json\/wp\/v2\/pages\/786\/revisions"}],"predecessor-version":[{"id":2148,"href":"https:\/\/www.test.tremplin-handicap.fr\/index.php\/wp-json\/wp\/v2\/pages\/786\/revisions\/2148"}],"wp:attachment":[{"href":"https:\/\/www.test.tremplin-handicap.fr\/index.php\/wp-json\/wp\/v2\/media?parent=786"}],"curies":[{"name":"wp","href":"https:\/\/api.w.org\/{rel}","templated":true}]}}