{"id":1053,"date":"2024-03-07T11:12:51","date_gmt":"2024-03-07T10:12:51","guid":{"rendered":"https:\/\/www.test.tremplin-handicap.fr\/?page_id=1053"},"modified":"2024-12-19T11:49:21","modified_gmt":"2024-12-19T10:49:21","slug":"concours-toushanscene","status":"publish","type":"page","link":"https:\/\/www.test.tremplin-handicap.fr\/index.php\/concours-toushanscene\/","title":{"rendered":"Concours Tous&rsquo;Hansc\u00e8ne"},"content":{"rendered":"\n<div class=\"wp-block-uagb-container uagb-block-49df5bcc alignfull uagb-is-root-container\"><div class=\"uagb-container-inner-blocks-wrap\">\n<div class=\"wp-block-cover alignfull\" style=\"margin-top:0;padding-top:4vw;padding-right:4vw;padding-bottom:4vw;padding-left:4vw;min-height:50vh;aspect-ratio:unset;\" data-block-type=\"core\"><span aria-hidden=\"true\" class=\"wp-block-cover__background has-palette-color-8-background-color has-background-dim\"><\/span><img loading=\"lazy\" decoding=\"async\" width=\"1920\" height=\"1080\" class=\"wp-block-cover__image-background wp-image-2092\" alt=\"Nouveau visuel Toushansc\u00e8ne\" src=\"https:\/\/www.test.tremplin-handicap.fr\/wp-content\/uploads\/2024\/12\/THS_KIT_COM_PARTENAIRE_LANCEMENT_ECRAN_TEAM_1920X1080.jpg\" data-object-fit=\"cover\" srcset=\"https:\/\/www.test.tremplin-handicap.fr\/wp-content\/uploads\/2024\/12\/THS_KIT_COM_PARTENAIRE_LANCEMENT_ECRAN_TEAM_1920X1080.jpg 1920w, https:\/\/www.test.tremplin-handicap.fr\/wp-content\/uploads\/2024\/12\/THS_KIT_COM_PARTENAIRE_LANCEMENT_ECRAN_TEAM_1920X1080-300x169.jpg 300w, https:\/\/www.test.tremplin-handicap.fr\/wp-content\/uploads\/2024\/12\/THS_KIT_COM_PARTENAIRE_LANCEMENT_ECRAN_TEAM_1920X1080-1024x576.jpg 1024w, https:\/\/www.test.tremplin-handicap.fr\/wp-content\/uploads\/2024\/12\/THS_KIT_COM_PARTENAIRE_LANCEMENT_ECRAN_TEAM_1920X1080-768x432.jpg 768w, https:\/\/www.test.tremplin-handicap.fr\/wp-content\/uploads\/2024\/12\/THS_KIT_COM_PARTENAIRE_LANCEMENT_ECRAN_TEAM_1920X1080-1536x864.jpg 1536w\" sizes=\"auto, (max-width: 1920px) 100vw, 1920px\" \/><div class=\"wp-block-cover__inner-container is-layout-flow wp-block-cover-is-layout-flow\">\n<div class=\"wp-block-group is-layout-flow wp-container-core-group-is-layout-d6743c7d wp-block-group-is-layout-flow\" data-block-type=\"core\">\n<div class=\"wp-block-stackable-columns stk-block-columns stk-block stk-19bcc74\" data-block-id=\"19bcc74\"><div class=\"stk-row stk-inner-blocks stk-block-content stk-content-align stk-19bcc74-column\">\n<div class=\"wp-block-stackable-column stk-block-column stk-column stk-block stk-b3d2163\" data-v=\"4\" data-block-id=\"b3d2163\"><style>@media screen and (min-width:690px){.stk-b3d2163 {flex:var(--stk-flex-grow, 1) 1 calc(79.1% - var(--stk-column-gap, 0px) * 1 \/ 2 ) !important;}}<\/style><div class=\"stk-column-wrapper stk-block-column__content stk-container stk-b3d2163-container stk--no-background stk--no-padding\"><div class=\"stk-block-content stk-inner-blocks stk-b3d2163-inner-blocks\"><\/div><\/div><\/div>\n\n\n\n<div class=\"wp-block-stackable-column stk-block-column stk-column stk-block stk-b871104\" data-v=\"4\" data-block-id=\"b871104\"><style>@media screen and (min-width:690px){.stk-b871104 {flex:var(--stk-flex-grow, 1) 1 calc(20.9% - var(--stk-column-gap, 0px) * 1 \/ 2 ) !important;}}<\/style><div class=\"stk-column-wrapper stk-block-column__content stk-container stk-b871104-container stk--no-background stk--no-padding\"><div class=\"stk-block-content stk-inner-blocks stk-b871104-inner-blocks\"><\/div><\/div><\/div>\n<\/div><\/div>\n\n\n\n<div style=\"height:48px\" aria-hidden=\"true\" class=\"wp-block-spacer\" data-block-type=\"core\"><\/div>\n\n\n\n<div style=\"height:0px\" aria-hidden=\"true\" class=\"wp-block-spacer\" data-block-type=\"core\"><\/div>\n\n\n\n<div class=\"wp-block-buttons is-content-justification-center is-layout-flex wp-container-core-buttons-is-layout-a89b3969 wp-block-buttons-is-layout-flex\" data-block-type=\"core\">\n<div class=\"wp-block-button has-custom-width wp-block-button__width-75 has-custom-font-size\" style=\"font-size:clamp(14px, 0.875rem + ((1vw - 3.2px) * 0.469), 20px);font-style:normal;font-weight:700;letter-spacing:1px;text-transform:uppercase\" data-block-type=\"core\"><a class=\"wp-block-button__link has-text-color has-background wp-element-button\" href=\"https:\/\/www.toushanscene.fr\/fr\" style=\"color:#2c3066;background-color:#ffb23d;padding-top:32px;padding-right:48px;padding-bottom:32px;padding-left:48px\" target=\"_blank\" rel=\"noreferrer noopener\">D\u00e9couvrez l&rsquo;\u00e9dition 2024 de Tous HanSc\u00e8ne<\/a><\/div>\n<\/div>\n<\/div>\n<\/div><\/div>\n<\/div><\/div>\n\n\n\n<div class=\"wp-block-group is-layout-constrained wp-block-group-is-layout-constrained\" data-block-type=\"core\">\n<blockquote class=\"wp-block-quote has-text-align-center is-style-large is-layout-flow wp-block-quote-is-layout-flow\" data-block-type=\"core\">\n<p data-block-type=\"core\">\u00abt\u00e9moignage Tous HanSc\u00e8ne&nbsp;\u00bb<\/p>\n<cite>\u2014 John Doe<\/cite><\/blockquote>\n\n\n\n<hr class=\"wp-block-separator has-css-opacity is-style-default\"\/ data-block-type=\"core\">\n\n\n\n<hr class=\"wp-block-separator has-css-opacity is-style-default\"\/ data-block-type=\"core\">\n\n\n\n<div class=\"wp-block-group alignfull has-background is-layout-flow wp-block-group-is-layout-flow\" style=\"background-color:#fff7e8;margin-bottom:var(--wp--preset--spacing--40);padding-bottom:var(--wp--preset--spacing--60)\" data-block-type=\"core\">\n<div style=\"height:51px\" aria-hidden=\"true\" class=\"wp-block-spacer\" data-block-type=\"core\"><\/div>\n\n\n\n<div class=\"wp-block-columns alignwide are-vertically-aligned-center is-layout-flex wp-container-core-columns-is-layout-28f84493 wp-block-columns-is-layout-flex\" data-block-type=\"core\">\n<div class=\"wp-block-column is-layout-flow wp-block-column-is-layout-flow\" style=\"flex-basis:50%\" data-block-type=\"core\">\n<p class=\"has-palette-color-1-color has-text-color\" style=\"margin-top:0;margin-bottom:var(--wp--preset--spacing--40);font-size:clamp(21.536px, 1.346rem + ((1vw - 3.2px) * 1.052), 35px);font-style:normal;font-weight:600;line-height:1\" data-block-type=\"core\"><strong><span style=\"color: var(--theme-palette-color-1, #2B3056);background: linear-gradient(to bottom, transparent 50%, var(--theme-palette-color-5, #F6BE00) 50%)\" class=\"stk-highlight\">Le concours Tous HanSc\u00e8ne<\/span><\/strong><\/p>\n<\/div>\n\n\n\n<div class=\"wp-block-column is-layout-flow wp-block-column-is-layout-flow\" style=\"flex-basis:50%\" data-block-type=\"core\">\n<hr class=\"wp-block-separator has-text-color has-css-opacity has-background is-style-wide\" style=\"background-color:#000000;color:#000000\"\/ data-block-type=\"core\">\n<\/div>\n<\/div>\n\n\n\n<p class=\"has-text-align-left has-palette-color-1-color has-text-color has-link-color wp-elements-73d45b8da9564ec462220397c4e5087f\" style=\"padding-right:0;padding-left:0;font-size:clamp(14px, 0.875rem + ((1vw - 3.2px) * 0.469), 20px);\" data-block-type=\"core\"><strong>UN CONCOURS OUVERT \u00c0 <span style=\"color: var(--theme-palette-color-2, #6869E0);\" class=\"stk-highlight\">TOUS LES \u00c9TUDIANTS POST BAC<\/span> POUR<br>R\u00c9ALISER UNE VID\u00c9O SUR LE TH\u00c8ME DU HANDICAP ET <span style=\"color: var(--theme-palette-color-2, #6869E0);\" class=\"stk-highlight\">MONTRER LEUR<br>ENGAGEMENT<\/span>, ET CELUI DE LEUR \u00c9TABLISSEMENT, <span style=\"color: var(--theme-palette-color-2, #6869E0);\" class=\"stk-highlight\">EN FAVEUR DU<br>HANDICAP<\/span><\/strong><\/p>\n\n\n\n<p style=\"font-size:clamp(14px, 0.875rem + ((1vw - 3.2px) * 0.078), 15px);\" data-block-type=\"core\">Les objectifs de Tous HanSc\u00e8ne\u00ae rejoignent trois grands enjeux nationaux :<\/p>\n\n\n\n<ul style=\"font-size:clamp(14px, 0.875rem + ((1vw - 3.2px) * 0.078), 15px);\" class=\"wp-block-list\" data-block-type=\"core\">\n<li data-block-type=\"core\"><strong>Inciter<\/strong>&nbsp;plus de coll\u00e9giens et lyc\u00e9ens en situation de handicap \u00e0 prolonger leurs \u00e9tudes dans l&rsquo;enseignement sup\u00e9rieur<\/li>\n\n\n\n<li data-block-type=\"core\"><strong>Amplifier<\/strong>&nbsp;l&rsquo;ouverture des campus, et des cursus des \u00e9tablissements de l&rsquo;enseignement sup\u00e9rieur aux jeunes en situation de handicap<\/li>\n\n\n\n<li data-block-type=\"core\"><strong>Permettre<\/strong>&nbsp;aux entreprises de recruter des personnes handicap\u00e9es qualifi\u00e9es<\/li>\n<\/ul>\n\n\n\n<div style=\"height:28px\" aria-hidden=\"true\" class=\"wp-block-spacer\" data-block-type=\"core\"><\/div>\n<\/div>\n\n\n\n<div style=\"height:15px\" aria-hidden=\"true\" class=\"wp-block-spacer\" data-block-type=\"core\"><\/div>\n\n\n\n<hr class=\"wp-block-separator has-css-opacity is-style-default\"\/ data-block-type=\"core\">\n\n\n\n<hr class=\"wp-block-separator has-css-opacity is-style-default\"\/ data-block-type=\"core\">\n\n\n\n<div style=\"height:15px\" aria-hidden=\"true\" class=\"wp-block-spacer\" data-block-type=\"core\"><\/div>\n<\/div>\n","protected":false},"excerpt":{"rendered":"<p>\u00abt\u00e9moignage Tous HanSc\u00e8ne&nbsp;\u00bb Le concours Tous HanSc\u00e8ne UN CONCOURS OUVERT \u00c0 TOUS LES \u00c9TUDIANTS POST BAC POURR\u00c9ALISER UNE VID\u00c9O SUR LE TH\u00c8ME DU HANDICAP ET MONTRER LEURENGAGEMENT, ET CELUI DE [&hellip;]<\/p>\n","protected":false},"author":1,"featured_media":2092,"parent":0,"menu_order":0,"comment_status":"closed","ping_status":"closed","template":"","meta":{"_uag_custom_page_level_css":"","_EventAllDay":false,"_EventTimezone":"","_EventStartDate":"","_EventEndDate":"","_EventStartDateUTC":"","_EventEndDateUTC":"","_EventShowMap":false,"_EventShowMapLink":false,"_EventURL":"","_EventCost":"","_EventCostDescription":"","_EventCurrencySymbol":"","_EventCurrencyCode":"","_EventCurrencyPosition":"","_EventDateTimeSeparator":"","_EventTimeRangeSeparator":"","_EventOrganizerID":[],"_EventVenueID":[],"_OrganizerEmail":"","_OrganizerPhone":"","_OrganizerWebsite":"","_VenueAddress":"","_VenueCity":"","_VenueCountry":"","_VenueProvince":"","_VenueState":"","_VenueZip":"","_VenuePhone":"","_VenueURL":"","_VenueStateProvince":"","_VenueLat":"","_VenueLng":"","_VenueShowMap":false,"_VenueShowMapLink":false,"footnotes":""},"class_list":["post-1053","page","type-page","status-publish","has-post-thumbnail","hentry"],"blocksy_meta":[],"uagb_featured_image_src":{"full":["https:\/\/www.test.tremplin-handicap.fr\/wp-content\/uploads\/2024\/12\/THS_KIT_COM_PARTENAIRE_LANCEMENT_ECRAN_TEAM_1920X1080.jpg",1920,1080,false],"thumbnail":["https:\/\/www.test.tremplin-handicap.fr\/wp-content\/uploads\/2024\/12\/THS_KIT_COM_PARTENAIRE_LANCEMENT_ECRAN_TEAM_1920X1080-150x150.jpg",150,150,true],"medium":["https:\/\/www.test.tremplin-handicap.fr\/wp-content\/uploads\/2024\/12\/THS_KIT_COM_PARTENAIRE_LANCEMENT_ECRAN_TEAM_1920X1080-300x169.jpg",300,169,true],"medium_large":["https:\/\/www.test.tremplin-handicap.fr\/wp-content\/uploads\/2024\/12\/THS_KIT_COM_PARTENAIRE_LANCEMENT_ECRAN_TEAM_1920X1080-768x432.jpg",768,432,true],"large":["https:\/\/www.test.tremplin-handicap.fr\/wp-content\/uploads\/2024\/12\/THS_KIT_COM_PARTENAIRE_LANCEMENT_ECRAN_TEAM_1920X1080-1024x576.jpg",1024,576,true],"1536x1536":["https:\/\/www.test.tremplin-handicap.fr\/wp-content\/uploads\/2024\/12\/THS_KIT_COM_PARTENAIRE_LANCEMENT_ECRAN_TEAM_1920X1080-1536x864.jpg",1536,864,true],"2048x2048":["https:\/\/www.test.tremplin-handicap.fr\/wp-content\/uploads\/2024\/12\/THS_KIT_COM_PARTENAIRE_LANCEMENT_ECRAN_TEAM_1920X1080.jpg",1920,1080,false]},"uagb_author_info":{"display_name":"ValentineWs","author_link":"https:\/\/www.test.tremplin-handicap.fr\/index.php\/author\/admin3776\/"},"uagb_comment_info":0,"uagb_excerpt":"\u00abt\u00e9moignage Tous HanSc\u00e8ne&nbsp;\u00bb Le concours Tous HanSc\u00e8ne UN CONCOURS OUVERT \u00c0 TOUS LES \u00c9TUDIANTS POST BAC POURR\u00c9ALISER UNE VID\u00c9O SUR LE TH\u00c8ME DU HANDICAP ET MONTRER LEURENGAGEMENT, ET CELUI DE [&hellip;]","_links":{"self":[{"href":"https:\/\/www.test.tremplin-handicap.fr\/index.php\/wp-json\/wp\/v2\/pages\/1053","targetHints":{"allow":["GET"]}}],"collection":[{"href":"https:\/\/www.test.tremplin-handicap.fr\/index.php\/wp-json\/wp\/v2\/pages"}],"about":[{"href":"https:\/\/www.test.tremplin-handicap.fr\/index.php\/wp-json\/wp\/v2\/types\/page"}],"author":[{"embeddable":true,"href":"https:\/\/www.test.tremplin-handicap.fr\/index.php\/wp-json\/wp\/v2\/users\/1"}],"replies":[{"embeddable":true,"href":"https:\/\/www.test.tremplin-handicap.fr\/index.php\/wp-json\/wp\/v2\/comments?post=1053"}],"version-history":[{"count":5,"href":"https:\/\/www.test.tremplin-handicap.fr\/index.php\/wp-json\/wp\/v2\/pages\/1053\/revisions"}],"predecessor-version":[{"id":2138,"href":"https:\/\/www.test.tremplin-handicap.fr\/index.php\/wp-json\/wp\/v2\/pages\/1053\/revisions\/2138"}],"wp:featuredmedia":[{"embeddable":true,"href":"https:\/\/www.test.tremplin-handicap.fr\/index.php\/wp-json\/wp\/v2\/media\/2092"}],"wp:attachment":[{"href":"https:\/\/www.test.tremplin-handicap.fr\/index.php\/wp-json\/wp\/v2\/media?parent=1053"}],"curies":[{"name":"wp","href":"https:\/\/api.w.org\/{rel}","templated":true}]}}