{"id":1051,"date":"2024-03-07T11:12:44","date_gmt":"2024-03-07T10:12:44","guid":{"rendered":"https:\/\/www.test.tremplin-handicap.fr\/?page_id=1051"},"modified":"2024-12-19T11:56:40","modified_gmt":"2024-12-19T10:56:40","slug":"forums-de-recrutement","status":"publish","type":"page","link":"https:\/\/www.test.tremplin-handicap.fr\/index.php\/forums-de-recrutement\/","title":{"rendered":"Forums de recrutement"},"content":{"rendered":"\n<div class=\"wp-block-group alignfull has-palette-color-5-background-color has-background is-layout-constrained wp-block-group-is-layout-constrained\" style=\"padding-bottom:var(--wp--preset--spacing--20)\" data-block-type=\"core\">\n<div class=\"wp-block-media-text alignfull is-stacked-on-mobile is-image-fill-element has-palette-color-5-background-color has-background\" style=\"padding-top:var(--wp--preset--spacing--40);padding-bottom:var(--wp--preset--spacing--40);grid-template-columns:27% auto\" data-block-type=\"core\"><figure class=\"wp-block-media-text__media\"><img loading=\"lazy\" decoding=\"async\" width=\"810\" height=\"540\" src=\"https:\/\/www.test.tremplin-handicap.fr\/wp-content\/uploads\/2024\/03\/entreprises.jpg\" alt=\"\" class=\"wp-image-1095 size-full\" style=\"object-position:50% 50%\" srcset=\"https:\/\/www.test.tremplin-handicap.fr\/wp-content\/uploads\/2024\/03\/entreprises.jpg 810w, https:\/\/www.test.tremplin-handicap.fr\/wp-content\/uploads\/2024\/03\/entreprises-300x200.jpg 300w, https:\/\/www.test.tremplin-handicap.fr\/wp-content\/uploads\/2024\/03\/entreprises-768x512.jpg 768w\" sizes=\"auto, (max-width: 810px) 100vw, 810px\" \/><\/figure><div class=\"wp-block-media-text__content\">\n<div class=\"wp-block-stackable-heading stk-block-heading stk-block-heading--v2 stk-block stk-1b246fd\" id=\"span-style-color-var-theme-palette-color-2-6869-e-0-background-linear-gradient-to-bottom-transparent-50-var-theme-palette-color-6-fff-5-dc-50-class-stk-highlight-les-destinations-nos-forums-de-recrutement-100-digital-span\" data-block-id=\"1b246fd\"><style>.stk-1b246fd {margin-top:30px !important;margin-bottom:0px !important;}.stk-1b246fd .stk-block-heading__text{color:var(--theme-palette-color-8, #ffffff) !important;}<\/style><h1 class=\"stk-block-heading__text has-text-color has-text-align-center\"><span style=\"color: var(--theme-palette-color-2, #6869E0);background: linear-gradient(to bottom, transparent 50%, var(--theme-palette-color-6, #FFF5DC) 50%)\" class=\"stk-highlight\">LES DESTINATIONS, nos forums de recrutement 100% digital<\/span><\/h1><\/div>\n\n\n\n<div class=\"wp-block-stackable-heading stk-block-heading stk-block-heading--v2 stk-block stk-99d3861\" id=\"span-style-color-var-theme-palette-color-8-ffffff-class-stk-highlight-trois-forums-annuels-de-recrutement-a-distance-span\" data-block-id=\"99d3861\"><style>.stk-99d3861 {margin-top:30px !important;margin-bottom:0px !important;}<\/style><h4 class=\"stk-block-heading__text has-text-align-center\"><span style=\"color: var(--theme-palette-color-8, #ffffff);\" class=\"stk-highlight\">Trois forums annuels de recrutement \u00e0 distance : <\/span><\/h4><\/div>\n\n\n\n<div class=\"wp-block-stackable-heading stk-block-heading stk-block-heading--v2 stk-block stk-45aee85\" id=\"span-style-color-var-theme-palette-color-2-6869-e-0-class-stk-highlight-stage-amp-job-dete-alternance-et-emploi-span\" data-block-id=\"45aee85\"><style>.stk-45aee85 .stk-block-heading__top-line{height:0px !important;}.stk-45aee85 {margin-top:30px !important;margin-bottom:0px !important;}<\/style><h4 class=\"stk-block-heading__text has-text-align-center\"><span style=\"color: var(--theme-palette-color-2, #6869E0);\" class=\"stk-highlight\">Stage &amp; Job d&rsquo;\u00e9t\u00e9, Alternance et Emploi<\/span><\/h4><\/div>\n\n\n\n<p class=\"has-text-align-left has-palette-color-3-color has-palette-color-6-background-color has-text-color has-background has-link-color has-medium-font-size wp-elements-bb34e1b77998b5e680ec864614f0f966\" style=\"margin-top:var(--wp--preset--spacing--50);margin-right:0;margin-bottom:var(--wp--preset--spacing--50);margin-left:0\" data-block-type=\"core\">Nos forums de recrutement Destination sont l&rsquo;occasion pour les jeunes de rencontrer des professionnels de nos entreprises partenaires lors d&rsquo;entretiens individuels. Ces entretiens repr\u00e9sentent une opportunit\u00e9 de d\u00e9crocher un stage,  un job d&rsquo;\u00e9t\u00e9, une alternance ou un premier emploi dans l&rsquo;entreprise de leurs r\u00eaves ! L&rsquo;\u00e9v\u00e9nement est compl\u00e8tement digital et les entretiens ont lieu par visioconf\u00e9rence.<\/p>\n\n\n\n<div class=\"wp-block-stackable-image stk-block-image has-text-align-right stk-block stk-5055d79\" data-block-id=\"5055d79\"><style>.stk-5055d79 {margin-bottom:-22px !important;}.stk-5055d79 .stk-img-wrapper{width:10% !important;}<\/style><figure><span class=\"stk-img-wrapper stk-image--shape-stretch\"><img loading=\"lazy\" decoding=\"async\" class=\"stk-img wp-image-1113\" src=\"https:\/\/www.test.tremplin-handicap.fr\/wp-content\/uploads\/2024\/03\/LOGO-jaune-e1710412699219.png\" width=\"1013\" height=\"478\" srcset=\"https:\/\/www.test.tremplin-handicap.fr\/wp-content\/uploads\/2024\/03\/LOGO-jaune-e1710412699219.png 1013w, https:\/\/www.test.tremplin-handicap.fr\/wp-content\/uploads\/2024\/03\/LOGO-jaune-e1710412699219-300x142.png 300w, https:\/\/www.test.tremplin-handicap.fr\/wp-content\/uploads\/2024\/03\/LOGO-jaune-e1710412699219-768x362.png 768w\" sizes=\"auto, (max-width: 1013px) 100vw, 1013px\" \/><\/span><\/figure><\/div>\n<\/div><\/div>\n<\/div>\n\n\n\n<hr class=\"wp-block-separator has-alpha-channel-opacity\"\/ data-block-type=\"core\">\n\n\n\n<div class=\"wp-block-stackable-heading stk-block-heading stk-block-heading--v2 stk-block stk-b84528f\" id=\"c-omment-se-deroule-le-forum\" data-block-id=\"b84528f\"><style>.stk-b84528f .stk-block-heading__text{text-transform:uppercase !important;}<\/style><h3 class=\"stk-block-heading__text has-text-align-center\">cOMMENT SE D\u00c9ROULE LE FORUM ?<\/h3><\/div>\n\n\n\n<div class=\"wp-block-columns is-layout-flex wp-container-core-columns-is-layout-28f84493 wp-block-columns-is-layout-flex\" data-block-type=\"core\">\n<div class=\"wp-block-column is-layout-flow wp-block-column-is-layout-flow\" data-block-type=\"core\">\n<p class=\"has-text-align-left has-palette-color-3-color has-palette-color-6-background-color has-text-color has-background has-link-color has-medium-font-size wp-elements-3dc19668cfb5db142b971158fb4c9108\" style=\"margin-top:var(--wp--preset--spacing--50);margin-right:0;margin-bottom:var(--wp--preset--spacing--50);margin-left:0\" data-block-type=\"core\"><strong>Avec les forums DESTINATION, le profil des candidats est davantage mis en avant que son CV<\/strong>. Ainsi, les entreprises participantes ont connaissance de leur recherche et rencontrent uniquement les candidats dont le profil les int\u00e9resse. TREMPLIN Handicap organise leur planning d&rsquo;entretien afin que chacun ait la possibilit\u00e9 de rencontrer les entreprises int\u00e9ress\u00e9es par leur profil.&nbsp;<\/p>\n\n\n\n<p class=\"has-text-align-left has-palette-color-3-color has-palette-color-6-background-color has-text-color has-background has-link-color has-medium-font-size wp-elements-576c60da6e4fc378f93e8bc53a549046\" style=\"margin-top:var(--wp--preset--spacing--50);margin-right:0;margin-bottom:var(--wp--preset--spacing--50);margin-left:0\" data-block-type=\"core\">Les Forums DESTINATION se d\u00e9roulent sur <strong>3 jours<\/strong>, sont pr\u00e9c\u00e9d\u00e9s d&rsquo;une s\u00e9ance d&rsquo;ouverture et les entretiens ont une dur\u00e9e de <strong>30 minutes<\/strong>.<\/p>\n\n\n\n<p class=\"has-text-align-left has-palette-color-3-color has-palette-color-6-background-color has-text-color has-background has-link-color has-medium-font-size wp-elements-168ad4289df5d956492e0dffa0c14919\" style=\"margin-top:var(--wp--preset--spacing--50);margin-right:0;margin-bottom:var(--wp--preset--spacing--50);margin-left:0\" data-block-type=\"core\">Pour pr\u00e9parer au mieux cet \u00e9v\u00e9nement, nous proposons aux candidats participants de b\u00e9n\u00e9ficier d&rsquo;une <strong>s\u00e9ance de coaching<\/strong> <strong>individuelle<\/strong> d\u2019<strong>1h<\/strong> avec un professionnel ou de participer \u00e0 un <strong>atelier en pr\u00e9sentiel<\/strong> pour r\u00e9aliser des simulations d&rsquo;entretien<strong>.<\/strong><\/p>\n\n\n\n<p data-block-type=\"core\"><\/p>\n<\/div>\n<\/div>\n\n\n\n<div class=\"wp-block-stackable-button-group stk-block-button-group stk-block stk-8b65604\" data-block-id=\"8b65604\"><style>.stk-8b65604 .stk-button-group{flex-direction:row !important;}@media screen and (max-width:999px){.stk-8b65604 .stk-button-group{flex-direction:row !important;}}@media screen and (max-width:689px){.stk-8b65604 .stk-button-group{flex-direction:row !important;}}<\/style><div class=\"stk-row stk-inner-blocks stk-block-content stk-button-group\">\n<div class=\"wp-block-stackable-button stk-block-button has-text-align-center stk-block stk-044296e\" data-block-id=\"044296e\"><style>.stk-044296e .stk-button{background:var(--theme-palette-color-2, #6869E0) !important;}<\/style><a class=\"stk-link stk-button stk--hover-effect-darken\" href=\"https:\/\/www.test.tremplin-handicap.fr\/index.php\/coaching\/\" target=\"_blank\" rel=\"noreferrer noopener\"><span class=\"stk--svg-wrapper\"><div class=\"stk--inner-svg\"><svg xmlns=\"http:\/\/www.w3.org\/2000\/svg\" viewBox=\"0 0 512 512\" aria-hidden=\"true\" width=\"32\" height=\"32\"><path d=\"M256 512A256 256 0 1 0 256 0a256 256 0 1 0 0 512zM216 336h24V272H216c-13.3 0-24-10.7-24-24s10.7-24 24-24h48c13.3 0 24 10.7 24 24v88h8c13.3 0 24 10.7 24 24s-10.7 24-24 24H216c-13.3 0-24-10.7-24-24s10.7-24 24-24zm40-208a32 32 0 1 1 0 64 32 32 0 1 1 0-64z\"><\/path><\/svg><\/div><\/span><span class=\"stk-button__inner-text\">En savoir plus sur le Coaching<\/span><\/a><\/div>\n<\/div><\/div>\n\n\n\n<hr class=\"wp-block-separator has-alpha-channel-opacity\"\/ data-block-type=\"core\">\n\n\n\n<div class=\"wp-block-stackable-heading stk-block-heading stk-block-heading--v2 stk-block stk-f0ec4a2\" id=\"span-style-color-var-theme-palette-color-4-a-0-a-1-e-7-class-stk-highlight-trois-destinations-span-par-an\" data-block-id=\"f0ec4a2\"><style>.stk-f0ec4a2 .stk-block-heading__text{text-transform:uppercase !important;}<\/style><h3 class=\"stk-block-heading__text has-text-align-center\"><span style=\"color: var(--theme-palette-color-4, #A0A1E7);\" class=\"stk-highlight\">trois destinations<\/span> par an <\/h3><\/div>\n\n\n\n<div class=\"wp-block-stackable-columns stk-block-columns stk-block stk-41d98cf\" data-block-id=\"41d98cf\"><div class=\"stk-row stk-inner-blocks stk-block-content stk-content-align stk-41d98cf-column\">\n<div class=\"wp-block-stackable-column stk-block-column stk-column stk-block stk-ffe784e\" data-v=\"4\" data-block-id=\"ffe784e\"><div class=\"stk-column-wrapper stk-block-column__content stk-container stk-ffe784e-container stk-hover-parent\"><div class=\"stk-block-content stk-inner-blocks stk-ffe784e-inner-blocks\">\n<div class=\"wp-block-uagb-image aligncenter uagb-block-13e21d2c wp-block-uagb-image--layout-default wp-block-uagb-image--effect-static wp-block-uagb-image--align-center\"><figure class=\"wp-block-uagb-image__figure\"><img decoding=\"async\" srcset=\"https:\/\/www.test.tremplin-handicap.fr\/wp-content\/uploads\/2024\/03\/DESTINATION-STAGE.png ,https:\/\/www.test.tremplin-handicap.fr\/wp-content\/uploads\/2024\/03\/DESTINATION-STAGE.png 780w, https:\/\/www.test.tremplin-handicap.fr\/wp-content\/uploads\/2024\/03\/DESTINATION-STAGE.png 360w\" sizes=\"auto, (max-width: 480px) 150px\" src=\"https:\/\/www.test.tremplin-handicap.fr\/wp-content\/uploads\/2024\/03\/DESTINATION-STAGE.png\" alt=\"\" class=\"uag-image-1688\" width=\"269\" height=\"245\" title=\"DESTINATION-STAGE\" loading=\"lazy\" role=\"img\"\/><\/figure><\/div>\n\n\n\n<div class=\"wp-block-stackable-text stk-block-text stk-block stk-b5e2720\" data-block-id=\"b5e2720\"><style>.stk-b5e2720 {margin-top:20px !important;}<\/style><p class=\"stk-block-text__text has-text-align-justify\">Cet \u00e9v\u00e9nement s&rsquo;adresse aux jeunes \u00e0 la recherche d&rsquo;un stage ou d&rsquo;un job d&rsquo;\u00e9t\u00e9. Il a lieu au mois de <strong>f\u00e9vrier<\/strong>.<\/p><\/div>\n<\/div><\/div><\/div>\n\n\n\n<div class=\"wp-block-stackable-column stk-block-column stk-column stk-block stk-a1cbe3e\" data-v=\"4\" data-block-id=\"a1cbe3e\"><div class=\"stk-column-wrapper stk-block-column__content stk-container stk-a1cbe3e-container stk-hover-parent\"><div class=\"stk-block-content stk-inner-blocks stk-a1cbe3e-inner-blocks\">\n<div class=\"wp-block-uagb-image aligncenter uagb-block-aa1085e5 wp-block-uagb-image--layout-default wp-block-uagb-image--effect-static wp-block-uagb-image--align-center\"><figure class=\"wp-block-uagb-image__figure\"><img decoding=\"async\" srcset=\"https:\/\/www.test.tremplin-handicap.fr\/wp-content\/uploads\/2024\/09\/image-19.png ,https:\/\/www.test.tremplin-handicap.fr\/wp-content\/uploads\/2024\/09\/image-19.png 780w, https:\/\/www.test.tremplin-handicap.fr\/wp-content\/uploads\/2024\/09\/image-19.png 360w\" sizes=\"auto, (max-width: 480px) 150px\" src=\"https:\/\/www.test.tremplin-handicap.fr\/wp-content\/uploads\/2024\/09\/image-19.png\" alt=\"Destination alternance\" class=\"uag-image-1952\" width=\"253\" height=\"516\" title=\"image (19)\" loading=\"lazy\" role=\"img\"\/><\/figure><\/div>\n\n\n\n<div class=\"wp-block-stackable-text stk-block-text stk-block stk-50cdd77\" data-block-id=\"50cdd77\"><style>.stk-50cdd77 {margin-top:20px !important;}<\/style><p class=\"stk-block-text__text has-text-align-justify\">Cet \u00e9v\u00e9nement s&rsquo;adresse aux \u00e9tudiants \u00e0 la recherche d&rsquo;une alternance. Il a lieu au mois <strong>d&rsquo;avril<\/strong>.&nbsp;<\/p><\/div>\n<\/div><\/div><\/div>\n\n\n\n<div class=\"wp-block-stackable-column stk-block-column stk-column stk-block stk-dac453a\" data-v=\"4\" data-block-id=\"dac453a\"><div class=\"stk-column-wrapper stk-block-column__content stk-container stk-dac453a-container stk-hover-parent\"><div class=\"stk-block-content stk-inner-blocks stk-dac453a-inner-blocks\">\n<div class=\"wp-block-uagb-image aligncenter uagb-block-d98e37d7 wp-block-uagb-image--layout-default wp-block-uagb-image--effect-static wp-block-uagb-image--align-center\"><figure class=\"wp-block-uagb-image__figure\"><img decoding=\"async\" srcset=\"https:\/\/www.test.tremplin-handicap.fr\/wp-content\/uploads\/2024\/09\/image-18.png ,https:\/\/www.test.tremplin-handicap.fr\/wp-content\/uploads\/2024\/09\/image-18.png 780w, https:\/\/www.test.tremplin-handicap.fr\/wp-content\/uploads\/2024\/09\/image-18.png 360w\" sizes=\"auto, (max-width: 480px) 150px\" src=\"https:\/\/www.test.tremplin-handicap.fr\/wp-content\/uploads\/2024\/09\/image-18.png\" alt=\"\" class=\"uag-image-1949\" width=\"253\" height=\"34\" title=\"image (18)\" loading=\"lazy\" role=\"img\"\/><\/figure><\/div>\n\n\n\n<div class=\"wp-block-stackable-text stk-block-text stk-block stk-94ec27b\" data-block-id=\"94ec27b\"><style>.stk-94ec27b {margin-top:20px !important;}<\/style><p class=\"stk-block-text__text has-text-align-justify\">Cet \u00e9v\u00e9nement s&rsquo;adresse aux \u00e9tudiants et jeunes dipl\u00f4m\u00e9s \u00e0 la recherche de leur 1er EMPLOI. Il a lieu au mois <strong>d&rsquo;octobre<\/strong>.&nbsp;<\/p><\/div>\n<\/div><\/div><\/div>\n<\/div><\/div>\n\n\n\n<p data-block-type=\"core\"><\/p>\n","protected":false},"excerpt":{"rendered":"<p>LES DESTINATIONS, nos forums de recrutement 100% digital Trois forums annuels de recrutement \u00e0 distance : Stage &amp; Job d&rsquo;\u00e9t\u00e9, Alternance et Emploi Nos forums de recrutement Destination sont l&rsquo;occasion [&hellip;]<\/p>\n","protected":false},"author":1,"featured_media":0,"parent":0,"menu_order":0,"comment_status":"closed","ping_status":"closed","template":"","meta":{"_uag_custom_page_level_css":"","_EventAllDay":false,"_EventTimezone":"","_EventStartDate":"","_EventEndDate":"","_EventStartDateUTC":"","_EventEndDateUTC":"","_EventShowMap":false,"_EventShowMapLink":false,"_EventURL":"","_EventCost":"","_EventCostDescription":"","_EventCurrencySymbol":"","_EventCurrencyCode":"","_EventCurrencyPosition":"","_EventDateTimeSeparator":"","_EventTimeRangeSeparator":"","_EventOrganizerID":[],"_EventVenueID":[],"_OrganizerEmail":"","_OrganizerPhone":"","_OrganizerWebsite":"","_VenueAddress":"","_VenueCity":"","_VenueCountry":"","_VenueProvince":"","_VenueState":"","_VenueZip":"","_VenuePhone":"","_VenueURL":"","_VenueStateProvince":"","_VenueLat":"","_VenueLng":"","_VenueShowMap":false,"_VenueShowMapLink":false,"footnotes":""},"class_list":["post-1051","page","type-page","status-publish","hentry"],"blocksy_meta":[],"uagb_featured_image_src":{"full":false,"thumbnail":false,"medium":false,"medium_large":false,"large":false,"1536x1536":false,"2048x2048":false},"uagb_author_info":{"display_name":"ValentineWs","author_link":"https:\/\/www.test.tremplin-handicap.fr\/index.php\/author\/admin3776\/"},"uagb_comment_info":0,"uagb_excerpt":"LES DESTINATIONS, nos forums de recrutement 100% digital Trois forums annuels de recrutement \u00e0 distance : Stage &amp; Job d&rsquo;\u00e9t\u00e9, Alternance et Emploi Nos forums de recrutement Destination sont l&rsquo;occasion [&hellip;]","_links":{"self":[{"href":"https:\/\/www.test.tremplin-handicap.fr\/index.php\/wp-json\/wp\/v2\/pages\/1051","targetHints":{"allow":["GET"]}}],"collection":[{"href":"https:\/\/www.test.tremplin-handicap.fr\/index.php\/wp-json\/wp\/v2\/pages"}],"about":[{"href":"https:\/\/www.test.tremplin-handicap.fr\/index.php\/wp-json\/wp\/v2\/types\/page"}],"author":[{"embeddable":true,"href":"https:\/\/www.test.tremplin-handicap.fr\/index.php\/wp-json\/wp\/v2\/users\/1"}],"replies":[{"embeddable":true,"href":"https:\/\/www.test.tremplin-handicap.fr\/index.php\/wp-json\/wp\/v2\/comments?post=1051"}],"version-history":[{"count":9,"href":"https:\/\/www.test.tremplin-handicap.fr\/index.php\/wp-json\/wp\/v2\/pages\/1051\/revisions"}],"predecessor-version":[{"id":2142,"href":"https:\/\/www.test.tremplin-handicap.fr\/index.php\/wp-json\/wp\/v2\/pages\/1051\/revisions\/2142"}],"wp:attachment":[{"href":"https:\/\/www.test.tremplin-handicap.fr\/index.php\/wp-json\/wp\/v2\/media?parent=1051"}],"curies":[{"name":"wp","href":"https:\/\/api.w.org\/{rel}","templated":true}]}}